{"id":1518,"date":"2024-01-13T14:31:04","date_gmt":"2024-01-13T14:31:04","guid":{"rendered":"https:\/\/omar-habash.com\/%d9%85%d8%a7-%d9%87%d9%8a-%d8%ad%d9%82%d9%86-%d8%a7%d9%84%d8%a8%d9%84%d8%a7%d8%b2%d9%85%d8%a7%d8%9f\/"},"modified":"2024-11-25T14:33:27","modified_gmt":"2024-11-25T14:33:27","slug":"plazma-enjeksiyonlari-nedir","status":"publish","type":"page","link":"https:\/\/omar-habash.com\/tr\/plazma-enjeksiyonlari-nedir\/","title":{"rendered":"Plazma enjeksiyonlar\u0131 nedir?"},"content":{"rendered":"\t\t<div data-elementor-type=\"wp-page\" data-elementor-id=\"1518\" class=\"elementor elementor-1518\">\n\t\t\t\t\t\t\t\t\t<section class=\"elementor-section elementor-top-section elementor-element elementor-element-14a24f4 elementor-section-full_width elementor-section-height-min-height elementor-section-stretched elementor-section-height-default elementor-section-items-middle wpr-particle-no wpr-jarallax-no wpr-parallax-no wpr-sticky-section-no\" data-id=\"14a24f4\" data-element_type=\"section\" data-settings=\"{&quot;stretch_section&quot;:&quot;section-stretched&quot;,&quot;background_background&quot;:&quot;classic&quot;}\">\n\t\t\t\t\t\t<div class=\"elementor-container elementor-column-gap-default\">\n\t\t\t\t\t<div class=\"elementor-column elementor-col-100 elementor-top-column elementor-element elementor-element-df68869\" data-id=\"df68869\" data-element_type=\"column\">\n\t\t\t<div class=\"elementor-widget-wrap\">\n\t\t\t\t\t\t\t\t\t<\/div>\n\t\t<\/div>\n\t\t\t\t\t\t\t<\/div>\n\t\t<\/section>\n\t\t\t\t<section class=\"elementor-section elementor-top-section elementor-element elementor-element-81cdfbe elementor-section-boxed elementor-section-height-default elementor-section-height-default wpr-particle-no wpr-jarallax-no wpr-parallax-no wpr-sticky-section-no\" data-id=\"81cdfbe\" data-element_type=\"section\">\n\t\t\t\t\t\t<div class=\"elementor-container elementor-column-gap-default\">\n\t\t\t\t\t<div class=\"elementor-column elementor-col-100 elementor-top-column elementor-element elementor-element-cc4cdf2\" data-id=\"cc4cdf2\" data-element_type=\"column\">\n\t\t\t<div class=\"elementor-widget-wrap elementor-element-populated\">\n\t\t\t\t\t\t\t\t<div class=\"elementor-element elementor-element-c2c375b elementor-widget elementor-widget-heading\" data-id=\"c2c375b\" data-element_type=\"widget\" data-widget_type=\"heading.default\">\n\t\t\t\t<div class=\"elementor-widget-container\">\n\t\t\t<style>\/*! elementor - v3.16.0 - 09-10-2023 *\/\n.elementor-heading-title{padding:0;margin:0;line-height:1}.elementor-widget-heading .elementor-heading-title[class*=elementor-size-]>a{color:inherit;font-size:inherit;line-height:inherit}.elementor-widget-heading .elementor-heading-title.elementor-size-small{font-size:15px}.elementor-widget-heading .elementor-heading-title.elementor-size-medium{font-size:19px}.elementor-widget-heading .elementor-heading-title.elementor-size-large{font-size:29px}.elementor-widget-heading .elementor-heading-title.elementor-size-xl{font-size:39px}.elementor-widget-heading .elementor-heading-title.elementor-size-xxl{font-size:59px}<\/style><h2 class=\"elementor-heading-title elementor-size-default\">\nPlazma enjeksiyonu tedavisi i\u00e7in uygun gruplar nelerdir?<\/h2>\t\t<\/div>\n\t\t\t\t<\/div>\n\t\t\t\t<div class=\"elementor-element elementor-element-4a59a49 elementor-widget elementor-widget-text-editor\" data-id=\"4a59a49\" data-element_type=\"widget\" data-widget_type=\"text-editor.default\">\n\t\t\t\t<div class=\"elementor-widget-container\">\n\t\t\t<style>\/*! elementor - v3.16.0 - 09-10-2023 *\/\n.elementor-widget-text-editor.elementor-drop-cap-view-stacked .elementor-drop-cap{background-color:#69727d;color:#fff}.elementor-widget-text-editor.elementor-drop-cap-view-framed .elementor-drop-cap{color:#69727d;border:3px solid;background-color:transparent}.elementor-widget-text-editor:not(.elementor-drop-cap-view-default) .elementor-drop-cap{margin-top:8px}.elementor-widget-text-editor:not(.elementor-drop-cap-view-default) .elementor-drop-cap-letter{width:1em;height:1em}.elementor-widget-text-editor .elementor-drop-cap{float:right;text-align:center;line-height:1;font-size:50px}.elementor-widget-text-editor .elementor-drop-cap-letter{display:inline-block}<\/style>\t\t\t\t<p><strong style=\"font-style: inherit; color: var( --e-global-color-text ); font-family: var( --e-global-typography-text-font-family ), Sans-serif; background-color: var(--ast-global-color-5);\">&#8220;Plazma enjeksiyonlar\u0131, eklem a\u011fr\u0131lar\u0131 i\u00e7in geleneksel tedavi y\u00f6ntemlerine yan\u0131t vermeyen hastalar i\u00e7in uygun bir se\u00e7enek olarak kabul edilmektedir. Bu tedavi y\u00f6ntemleri, iltihap \u00f6nleyiciler, kortizon enjeksiyonlar\u0131 ve fizyoterapiyi i\u00e7ermektedir. Bu durumda, doktor, semptomlar\u0131 hafifletmek amac\u0131yla plazma enjeksiyonlar\u0131na ba\u015flamak i\u00e7in y\u00f6nlendirmektedir.<\/strong><\/p><p><strong>Plazma Enjeksiyon Tedavisinin Hedefleri Nelerdir?<\/strong><\/p><p>Sadece ortopedik doktor, eklem i\u00e7ine plazma enjeksiyonlar\u0131n\u0131 yapma yetkisine sahiptir. Doktor, plazmay\u0131 do\u011frudan etkilenen ekleme enjekte eder ve tedavinin sonunda \u015fu hedeflerin ger\u00e7ekle\u015ftirilmesi beklenir:<\/p><ul><li>A\u011fr\u0131y\u0131 azaltmak.<\/li><li>Eklem fonksiyonunu iyile\u015ftirmek.<\/li><li>K\u0131k\u0131rdak hasar\u0131n\u0131 durdurmak veya onarmak.<\/li><li>Yeni k\u0131k\u0131rdak olu\u015fumunu te\u015fvik etmek.<\/li><li>Eklemdeki do\u011fal s\u0131v\u0131 \u00fcretimini art\u0131rmak.&#8221;**<\/li><\/ul>\t\t\t\t\t\t<\/div>\n\t\t\t\t<\/div>\n\t\t\t\t\t<\/div>\n\t\t<\/div>\n\t\t\t\t\t\t\t<\/div>\n\t\t<\/section>\n\t\t\t\t<section class=\"elementor-section elementor-top-section elementor-element elementor-element-0707a8d elementor-section-boxed elementor-section-height-default elementor-section-height-default wpr-particle-no wpr-jarallax-no wpr-parallax-no wpr-sticky-section-no\" data-id=\"0707a8d\" data-element_type=\"section\">\n\t\t\t\t\t\t<div class=\"elementor-container elementor-column-gap-default\">\n\t\t\t\t\t<div class=\"elementor-column elementor-col-100 elementor-top-column elementor-element elementor-element-d3faca1\" data-id=\"d3faca1\" data-element_type=\"column\">\n\t\t\t<div class=\"elementor-widget-wrap elementor-element-populated\">\n\t\t\t\t\t\t\t\t<div class=\"elementor-element elementor-element-c1469e2 elementor-widget elementor-widget-heading\" data-id=\"c1469e2\" data-element_type=\"widget\" data-widget_type=\"heading.default\">\n\t\t\t\t<div class=\"elementor-widget-container\">\n\t\t\t<h2 class=\"elementor-heading-title elementor-size-default\">Trombositten zengin plazma, hasar g\u00f6rm\u00fc\u015f dokular\u0131 nas\u0131l tedavi eder?\n\n\n\n\n\n\n<\/h2>\t\t<\/div>\n\t\t\t\t<\/div>\n\t\t\t\t<div class=\"elementor-element elementor-element-863f6f2 elementor-widget elementor-widget-text-editor\" data-id=\"863f6f2\" data-element_type=\"widget\" data-widget_type=\"text-editor.default\">\n\t\t\t\t<div class=\"elementor-widget-container\">\n\t\t\t\t\t\t\t<p>\u0625\u0644\u064a\u0643 \u0627\u0644\u062a\u0631\u062c\u0645\u0629 \u0625\u0644\u0649 \u0627\u0644\u0644\u063a\u0629 \u0627\u0644\u062a\u0631\u0643\u064a\u0629:<\/p><p><strong>&#8220;Doku yaraland\u0131\u011f\u0131nda, v\u00fccut iyile\u015fme yard\u0131mc\u0131 b\u00fcy\u00fcme fakt\u00f6rleri ile dolu trombositleri hasar g\u00f6ren b\u00f6lgeye g\u00f6nderir. Bu s\u00fcre\u00e7, hasar g\u00f6rm\u00fc\u015f dokular\u0131 onarmak ve yeniden in\u015fa etmek i\u00e7in ba\u015flat\u0131l\u0131r, ayn\u0131 zamanda doku yenilenmesinde \u00f6nemli bir rol oynayan k\u00f6k h\u00fccreleri de destekler.<\/strong><\/p><p><strong>Bu geli\u015fmi\u015f tedavi tekni\u011fi, v\u00fccudun do\u011fal iyile\u015fme yeteneklerini art\u0131rarak, trombositlerin en y\u00fcksek konsantrasyonunu do\u011frudan hasar g\u00f6ren b\u00f6lgeye sunar.<\/strong><\/p><p><strong>Trombositten zengin plazma (PRP) haz\u0131rlamak i\u00e7in, k\u00fc\u00e7\u00fck bir kan \u00f6rne\u011fi al\u0131n\u0131r (\u00f6rne\u011fin kan testlerine benzer \u015fekilde), ard\u0131ndan \u00f6zel bir cihaz (santrif\u00fcj) i\u00e7ine yerle\u015ftirilir. Bu cihaz, kan\u0131 y\u00fcksek h\u0131zda d\u00f6nd\u00fcrerek trombositleri di\u011fer bile\u015fenlerden ay\u0131r\u0131r. Bu i\u015flem, \u00e7ok daha y\u00fcksek trombosit konsantrasyonlar\u0131 \u00fcretir ve bu trombositler, yaralanma b\u00f6lgesine ve \u00e7evresine enjekte edilir. Bu, iyile\u015fme s\u00fcrecini ba\u015flat\u0131r ve hasar g\u00f6rm\u00fc\u015f dokular\u0131n yeniden in\u015fas\u0131n\u0131 te\u015fvik eder.<\/strong><\/p><p><strong>Ve \u00e7\u00fcnk\u00fc kullan\u0131lan kan, ki\u015finin kendi kan\u0131d\u0131r (herhangi bir d\u0131\u015f m\u00fcdahale yoktur), v\u00fccudun ters tepki verme veya enfeksiyon kapma olas\u0131l\u0131\u011f\u0131 \u00e7ok azal\u0131r. Ayr\u0131ca, trombositten zengin plazma tedavisi ihtiya\u00e7 duyulduk\u00e7a birka\u00e7 kez tekrarlanabilir.<\/strong><\/p><p><strong>Bu tedavi prosed\u00fcr\u00fc genellikle g\u00fcvenli bir \u015fekilde ayakta tedavi merkezlerinde yap\u0131l\u0131r. PRP tekni\u011fi, a\u011fr\u0131y\u0131 hafifletir ve doku onar\u0131m\u0131n\u0131 te\u015fvik ederken cerrahi, genel anestezi, hastanede kalma s\u00fcresi ve uzun iyile\u015fme s\u00fcresi gibi cerrahinin risklerinden ka\u00e7\u0131nman\u0131za yard\u0131mc\u0131 olur. Ger\u00e7ekten de, \u00e7o\u011fu insan, yerel enjeksiyon sonras\u0131 normal aktivitelerine veya i\u015flerine hemen geri d\u00f6nebilir.&#8221;<\/strong><\/p>\t\t\t\t\t\t<\/div>\n\t\t\t\t<\/div>\n\t\t\t\t\t<\/div>\n\t\t<\/div>\n\t\t\t\t\t\t\t<\/div>\n\t\t<\/section>\n\t\t\t\t<section class=\"elementor-section elementor-top-section elementor-element elementor-element-1082dfc elementor-section-boxed elementor-section-height-default elementor-section-height-default wpr-particle-no wpr-jarallax-no wpr-parallax-no wpr-sticky-section-no\" data-id=\"1082dfc\" data-element_type=\"section\">\n\t\t\t\t\t\t<div class=\"elementor-container elementor-column-gap-default\">\n\t\t\t\t\t<div class=\"elementor-column elementor-col-100 elementor-top-column elementor-element elementor-element-eb4bd51\" data-id=\"eb4bd51\" data-element_type=\"column\">\n\t\t\t<div class=\"elementor-widget-wrap elementor-element-populated\">\n\t\t\t\t\t\t\t\t<div class=\"elementor-element elementor-element-01283df elementor-widget elementor-widget-heading\" data-id=\"01283df\" data-element_type=\"widget\" data-widget_type=\"heading.default\">\n\t\t\t\t<div class=\"elementor-widget-container\">\n\t\t\t<h2 class=\"elementor-heading-title elementor-size-default\">Plazma enjeksiyonu \u00f6ncesi gerekli haz\u0131rl\u0131klar nelerdir?<\/h2>\t\t<\/div>\n\t\t\t\t<\/div>\n\t\t\t\t<div class=\"elementor-element elementor-element-a652629 elementor-widget elementor-widget-text-editor\" data-id=\"a652629\" data-element_type=\"widget\" data-widget_type=\"text-editor.default\">\n\t\t\t\t<div class=\"elementor-widget-container\">\n\t\t\t\t\t\t\t<p><span style=\"font-style: inherit; font-weight: inherit; color: var( --e-global-color-text ); font-family: var( --e-global-typography-text-font-family ), Sans-serif; background-color: var(--ast-global-color-5);\">Tedavi \u00f6ncesi veya sonras\u0131 yap\u0131lmamas\u0131 gereken herhangi bir \u015fey hakk\u0131nda doktorunuza dan\u0131\u015f\u0131n. Genel olarak a\u015fa\u011f\u0131daki talimatlara uyun:<\/span><\/p><ul><li>Plazma enjeksiyonundan yedi g\u00fcn \u00f6nce iltihap \u00f6nleyici ila\u00e7lar, \u00f6zellikle nonsteroid antiinflamatuar ila\u00e7lardan (NSAID) ka\u00e7\u0131n\u0131n.<\/li><li>Plazma enjeksiyonundan be\u015f g\u00fcn \u00f6nce kan suland\u0131r\u0131c\u0131 ila\u00e7lardan ka\u00e7\u0131n\u0131n.<\/li><li>Plazma enjeksiyonundan iki ila \u00fc\u00e7 hafta \u00f6nce kortikosteroid ila\u00e7lar kullanmamaya \u00f6zen g\u00f6sterin.<\/li><li>Eklemdeki hasar\u0131n ne kadar oldu\u011funu belirlemek i\u00e7in diz MR&#8217;\u0131 \u00e7ektirmeniz gerekebilir.<\/li><li>Plazma enjeksiyonundan bir g\u00fcn \u00f6nce bol su i\u00e7in.<\/li><li>Enjeksiyon i\u015flemi \u00f6ncesinde anksiyete kar\u015f\u0131 ila\u00e7 alarak hastan\u0131n stresini azaltmaya yard\u0131mc\u0131 olun.<\/li><li>Enjeksiyon sonras\u0131 iki g\u00fcne kadar destekli koltuk de\u011fne\u011fi kullan\u0131n.<\/li><li>Plazma enjeksiyonu sonras\u0131 sizi eve g\u00f6t\u00fcrebilecek birinin olmas\u0131 gerekmektedir.<\/li><\/ul><p><strong>Plazma Enjeksiyonundan Sonra Ne Olur?<\/strong><\/p><p>Plazma enjeksiyonundan sonra, doktorunuz tedavi sonu\u00e7lar\u0131n\u0131 en iyi \u015fekilde almak i\u00e7in birka\u00e7 talimat verebilir, bu talimatlar \u015funlar olabilir:<\/p><ul><li>Enjeksiyon sonras\u0131 \u00fc\u00e7 g\u00fcn boyunca her iki ila \u00fc\u00e7 saatte bir 20 dakika s\u00fcreyle b\u00f6lgeye buz uygulay\u0131n.<\/li><li>Gerekti\u011finde a\u011fr\u0131 kesici kullan\u0131n, ancak a\u011fr\u0131 dayan\u0131lmazsa ve nonsteroid a\u011fr\u0131 kesicilerden ka\u00e7\u0131n\u0131n.<\/li><li>Fiziksel aktivitenizi azalt\u0131n ve tedavi edilen b\u00f6lgeye a\u015f\u0131r\u0131 y\u00fck bindiren faaliyetlerden ka\u00e7\u0131n\u0131n.<\/li><li>\u00d6zellikle ayak bile\u011fi, diz veya kal\u00e7a eklemine enjeksiyon yap\u0131lm\u0131\u015fsa, doktorunuz birka\u00e7 g\u00fcn s\u00fcreyle destekli koltuk de\u011fne\u011fi kullanman\u0131z\u0131 \u00f6nerebilir.<\/li><li>Plazma enjeksiyonundan alt\u0131 hafta sonra doktorunuzu ziyaret ederek tedavinin etkinli\u011fini de\u011ferlendirin.&#8221;<\/li><\/ul>\t\t\t\t\t\t<\/div>\n\t\t\t\t<\/div>\n\t\t\t\t\t<\/div>\n\t\t<\/div>\n\t\t\t\t\t\t\t<\/div>\n\t\t<\/section>\n\t\t\t\t<section class=\"elementor-section elementor-top-section elementor-element elementor-element-831d745 elementor-section-boxed elementor-section-height-default elementor-section-height-default wpr-particle-no wpr-jarallax-no wpr-parallax-no wpr-sticky-section-no\" data-id=\"831d745\" data-element_type=\"section\">\n\t\t\t\t\t\t<div class=\"elementor-container elementor-column-gap-default\">\n\t\t\t\t\t<div class=\"elementor-column elementor-col-100 elementor-top-column elementor-element elementor-element-d4b4b18\" data-id=\"d4b4b18\" data-element_type=\"column\">\n\t\t\t<div class=\"elementor-widget-wrap elementor-element-populated\">\n\t\t\t\t\t\t\t\t<div class=\"elementor-element elementor-element-7667ee8 elementor-widget elementor-widget-heading\" data-id=\"7667ee8\" data-element_type=\"widget\" data-widget_type=\"heading.default\">\n\t\t\t\t<div class=\"elementor-widget-container\">\n\t\t\t<h2 class=\"elementor-heading-title elementor-size-default\">Eklem a\u011fr\u0131lar\u0131nda plazma enjeksiyonlar\u0131n\u0131n etkinli\u011fi ne d\u00fczeydedir?<\/h2>\t\t<\/div>\n\t\t\t\t<\/div>\n\t\t\t\t<div class=\"elementor-element elementor-element-f74aa4a elementor-widget elementor-widget-text-editor\" data-id=\"f74aa4a\" data-element_type=\"widget\" data-widget_type=\"text-editor.default\">\n\t\t\t\t<div class=\"elementor-widget-container\">\n\t\t\t\t\t\t\t<p>\u0625\u0644\u064a\u0643 \u0627\u0644\u062a\u0631\u062c\u0645\u0629 \u0625\u0644\u0649 \u0627\u0644\u0644\u063a\u0629 \u0627\u0644\u062a\u0631\u0643\u064a\u0629:<\/p><p><strong>Son zamanlarda plazma enjeksiyonlar\u0131n\u0131n t\u0131bbi alandaki b\u00fcy\u00fck etkisi g\u00f6zlemlense de, etkinli\u011fi konusunda \u00e7eli\u015fkili kan\u0131tlar bulunmaktad\u0131r.<\/strong><\/p><p><strong>\u015eu ana kadar plazma enjeksiyonlar\u0131n\u0131n etkinli\u011fini kan\u0131tlayan yeterli ara\u015ft\u0131rma yap\u0131lmam\u0131\u015ft\u0131r. Baz\u0131 ki\u015filer tedaviden belirgin \u015fekilde fayda sa\u011flarken, di\u011ferleri bu tedaviden fayda g\u00f6rmemektedir.<\/strong><\/p><p><strong>Plazma enjeksiyonlar\u0131n\u0131n etkinli\u011fi ki\u015fiden ki\u015fiye farkl\u0131l\u0131k g\u00f6stermektedir ve bu fark birka\u00e7 nedenden kaynaklanmaktad\u0131r:<\/strong><\/p><ul><li><strong>Ki\u015filer aras\u0131nda kan \u00f6zellikleri farkl\u0131d\u0131r, \u00f6zellikle trombosit say\u0131s\u0131.<\/strong><\/li><li><strong>Kan tedavi ve ayr\u0131\u015ft\u0131rma y\u00f6ntemleri, santrif\u00fcj makinelerindeki farkl\u0131l\u0131klar plazma bile\u015fenlerini etkileyebilir.<\/strong><\/li><li><strong>Plazma enjeksiyonuna eklenen maddeler, doktorun eklem b\u00f6lgesinin plazmay\u0131 daha iyi emmesini sa\u011flamak amac\u0131yla plazmaya ekleyebilece\u011fi maddeler olabilir.<\/strong><\/li><\/ul><p><strong>Bu geli\u015fmi\u015f tekni\u011fin spor yaralanmalar\u0131n\u0131n tedavisinde de rol\u00fc var m\u0131?<\/strong><\/p><p><strong>Spor yaralanmalar\u0131, d\u00fcnyada en yayg\u0131n yaralanmalardan biridir ve genellikle ba\u011flar, tendonlar, k\u0131k\u0131rdaklar ve eklemler etkilenir. \u00d6nceden, t\u0131bbi ila\u00e7lar, fizik tedavi, rehabilitasyon egzersizleri, cerrahi m\u00fcdahaleler ve endoskopik i\u015flemler hastalar i\u00e7in tek se\u00e7eneklerken,<\/strong><\/p><p><strong>\u015fimdi plazma enjeksiyonlar\u0131, spor yaralanmalar\u0131n\u0131n tedavisinde h\u0131zla tercih edilen ve en yayg\u0131n y\u00f6ntemlerden biri haline gelmi\u015ftir. Bir\u00e7ok uzman, geleneksel tedavi y\u00f6ntemlerine ek olarak bu tekni\u011fi tercih etmektedir.<\/strong><\/p><p><strong>Bu enjeksiyonlar\u0131n \u00f6zellikle sporcularda faydas\u0131 b\u00fcy\u00fck olup, yaralanmalar\u0131ndan h\u0131zla iyile\u015fmelerine yard\u0131mc\u0131 olmakta, ba\u011f ve tendon yaralanmalar\u0131n\u0131 h\u0131zla tedavi ederek sporcular\u0131n h\u0131zl\u0131 bir \u015fekilde eski aktivitelerine d\u00f6nmelerini sa\u011flamaktad\u0131r.<\/strong><\/p><p><strong>Trombositten zengin plazma enjeksiyonlar\u0131n\u0131n uzman ki\u015filer taraf\u0131ndan kullan\u0131lmas\u0131, d\u00fcnya \u00e7ap\u0131nda kemik, eklem, ba\u011f ve tendon problemlerinin tedavisinde b\u00fcy\u00fck bir devrim yaratm\u0131\u015f ve komplikasyonlar veya yan etkiler olmadan ba\u015far\u0131l\u0131 bir \u015fekilde tedavi edilmi\u015ftir.<\/strong><\/p>\t\t\t\t\t\t<\/div>\n\t\t\t\t<\/div>\n\t\t\t\t\t<\/div>\n\t\t<\/div>\n\t\t\t\t\t\t\t<\/div>\n\t\t<\/section>\n\t\t\t\t\t\t\t<\/div>\n\t\t","protected":false},"excerpt":{"rendered":"<p>Plazma enjeksiyonu tedavisi i\u00e7in uygun gruplar nelerdir? &#8220;Plazma enjeksiyonlar\u0131, eklem a\u011fr\u0131lar\u0131 i\u00e7in geleneksel tedavi y\u00f6ntemlerine yan\u0131t vermeyen hastalar i\u00e7in uygun bir se\u00e7enek olarak kabul edilmektedir. Bu tedavi y\u00f6ntemleri, iltihap \u00f6nleyiciler, kortizon enjeksiyonlar\u0131 ve fizyoterapiyi i\u00e7ermektedir. Bu durumda, doktor, semptomlar\u0131 hafifletmek amac\u0131yla plazma enjeksiyonlar\u0131na ba\u015flamak i\u00e7in y\u00f6nlendirmektedir. Plazma Enjeksiyon Tedavisinin Hedefleri Nelerdir? Sadece ortopedik doktor, eklem [&hellip;]<\/p>\n","protected":false},"author":1,"featured_media":0,"parent":0,"menu_order":0,"comment_status":"closed","ping_status":"closed","template":"","meta":{"site-sidebar-layout":"no-sidebar","site-content-layout":"page-builder","ast-site-content-layout":"","site-content-style":"default","site-sidebar-style":"default","ast-global-header-display":"","ast-banner-title-visibility":"","ast-main-header-display":"","ast-hfb-above-header-display":"","ast-hfb-below-header-display":"","ast-hfb-mobile-header-display":"","site-post-title":"disabled","ast-breadcrumbs-content":"","ast-featured-img":"disabled","footer-sml-layout":"","theme-transparent-header-meta":"default","adv-header-id-meta":"","stick-header-meta":"","header-above-stick-meta":"","header-main-stick-meta":"","header-below-stick-meta":"","astra-migrate-meta-layouts":"default","ast-page-background-enabled":"default","ast-page-background-meta":{"desktop":{"background-color":"var(--ast-global-color-4)","background-image":"","background-repeat":"repeat","background-position":"center center","background-size":"auto","background-attachment":"scroll","background-type":"","background-media":"","overlay-type":"","overlay-color":"","overlay-gradient":""},"tablet":{"background-color":"","background-image":"","background-repeat":"repeat","background-position":"center center","background-size":"auto","background-attachment":"scroll","background-type":"","background-media":"","overlay-type":"","overlay-color":"","overlay-gradient":""},"mobile":{"background-color":"","background-image":"","background-repeat":"repeat","background-position":"center center","background-size":"auto","background-attachment":"scroll","background-type":"","background-media":"","overlay-type":"","overlay-color":"","overlay-gradient":""}},"ast-content-background-meta":{"desktop":{"background-color":"var(--ast-global-color-5)","background-image":"","background-repeat":"repeat","background-position":"center center","background-size":"auto","background-attachment":"scroll","background-type":"","background-media":"","overlay-type":"","overlay-color":"","overlay-gradient":""},"tablet":{"background-color":"var(--ast-global-color-5)","background-image":"","background-repeat":"repeat","background-position":"center center","background-size":"auto","background-attachment":"scroll","background-type":"","background-media":"","overlay-type":"","overlay-color":"","overlay-gradient":""},"mobile":{"background-color":"var(--ast-global-color-5)","background-image":"","background-repeat":"repeat","background-position":"center center","background-size":"auto","background-attachment":"scroll","background-type":"","background-media":"","overlay-type":"","overlay-color":"","overlay-gradient":""}},"footnotes":""},"class_list":["post-1518","page","type-page","status-publish","hentry"],"_links":{"self":[{"href":"https:\/\/omar-habash.com\/tr\/wp-json\/wp\/v2\/pages\/1518","targetHints":{"allow":["GET"]}}],"collection":[{"href":"https:\/\/omar-habash.com\/tr\/wp-json\/wp\/v2\/pages"}],"about":[{"href":"https:\/\/omar-habash.com\/tr\/wp-json\/wp\/v2\/types\/page"}],"author":[{"embeddable":true,"href":"https:\/\/omar-habash.com\/tr\/wp-json\/wp\/v2\/users\/1"}],"replies":[{"embeddable":true,"href":"https:\/\/omar-habash.com\/tr\/wp-json\/wp\/v2\/comments?post=1518"}],"version-history":[{"count":10,"href":"https:\/\/omar-habash.com\/tr\/wp-json\/wp\/v2\/pages\/1518\/revisions"}],"predecessor-version":[{"id":1611,"href":"https:\/\/omar-habash.com\/tr\/wp-json\/wp\/v2\/pages\/1518\/revisions\/1611"}],"wp:attachment":[{"href":"https:\/\/omar-habash.com\/tr\/wp-json\/wp\/v2\/media?parent=1518"}],"curies":[{"name":"wp","href":"https:\/\/api.w.org\/{rel}","templated":true}]}}