{"id":1515,"date":"2024-01-13T14:40:10","date_gmt":"2024-01-13T14:40:10","guid":{"rendered":"https:\/\/omar-habash.com\/%d8%a7%d9%84%d8%b9%d9%84%d8%a7%d8%ac-%d8%a8%d8%a7%d9%84%d8%a8%d8%b1%d9%88%d9%84%d9%88-%d8%ab%d9%8a%d8%b1%d8%a7%d8%a8%d9%8a-prolotherapy\/"},"modified":"2024-11-25T14:34:10","modified_gmt":"2024-11-25T14:34:10","slug":"proloterapi-tedavisi","status":"publish","type":"page","link":"https:\/\/omar-habash.com\/tr\/proloterapi-tedavisi\/","title":{"rendered":"Proloterapi tedavisi"},"content":{"rendered":"\t\t<div data-elementor-type=\"wp-page\" data-elementor-id=\"1515\" class=\"elementor elementor-1515\">\n\t\t\t\t\t\t\t\t\t<section class=\"elementor-section elementor-top-section elementor-element elementor-element-44e5932 elementor-section-full_width elementor-section-height-min-height elementor-section-stretched elementor-section-height-default elementor-section-items-middle wpr-particle-no wpr-jarallax-no wpr-parallax-no wpr-sticky-section-no\" data-id=\"44e5932\" data-element_type=\"section\" data-settings=\"{&quot;stretch_section&quot;:&quot;section-stretched&quot;,&quot;background_background&quot;:&quot;classic&quot;}\">\n\t\t\t\t\t\t<div class=\"elementor-container elementor-column-gap-default\">\n\t\t\t\t\t<div class=\"elementor-column elementor-col-100 elementor-top-column elementor-element elementor-element-13115b8\" data-id=\"13115b8\" data-element_type=\"column\">\n\t\t\t<div class=\"elementor-widget-wrap\">\n\t\t\t\t\t\t\t\t\t<\/div>\n\t\t<\/div>\n\t\t\t\t\t\t\t<\/div>\n\t\t<\/section>\n\t\t\t\t<section class=\"elementor-section elementor-top-section elementor-element elementor-element-0009dea elementor-section-boxed elementor-section-height-default elementor-section-height-default wpr-particle-no wpr-jarallax-no wpr-parallax-no wpr-sticky-section-no\" data-id=\"0009dea\" data-element_type=\"section\">\n\t\t\t\t\t\t<div class=\"elementor-container elementor-column-gap-default\">\n\t\t\t\t\t<div class=\"elementor-column elementor-col-100 elementor-top-column elementor-element elementor-element-e531f8e\" data-id=\"e531f8e\" data-element_type=\"column\">\n\t\t\t<div class=\"elementor-widget-wrap elementor-element-populated\">\n\t\t\t\t\t\t\t\t<div class=\"elementor-element elementor-element-cb53ddd elementor-widget elementor-widget-heading\" data-id=\"cb53ddd\" data-element_type=\"widget\" data-widget_type=\"heading.default\">\n\t\t\t\t<div class=\"elementor-widget-container\">\n\t\t\t<style>\/*! elementor - v3.16.0 - 09-10-2023 *\/\n.elementor-heading-title{padding:0;margin:0;line-height:1}.elementor-widget-heading .elementor-heading-title[class*=elementor-size-]>a{color:inherit;font-size:inherit;line-height:inherit}.elementor-widget-heading .elementor-heading-title.elementor-size-small{font-size:15px}.elementor-widget-heading .elementor-heading-title.elementor-size-medium{font-size:19px}.elementor-widget-heading .elementor-heading-title.elementor-size-large{font-size:29px}.elementor-widget-heading .elementor-heading-title.elementor-size-xl{font-size:39px}.elementor-widget-heading .elementor-heading-title.elementor-size-xxl{font-size:59px}<\/style><h2 class=\"elementor-heading-title elementor-size-default\">Proloterapi tedavisi nas\u0131l \u00e7al\u0131\u015f\u0131r?\n\n\n\n\n\n\n<\/h2>\t\t<\/div>\n\t\t\t\t<\/div>\n\t\t\t\t<div class=\"elementor-element elementor-element-186dc6d elementor-widget elementor-widget-text-editor\" data-id=\"186dc6d\" data-element_type=\"widget\" data-widget_type=\"text-editor.default\">\n\t\t\t\t<div class=\"elementor-widget-container\">\n\t\t\t<style>\/*! elementor - v3.16.0 - 09-10-2023 *\/\n.elementor-widget-text-editor.elementor-drop-cap-view-stacked .elementor-drop-cap{background-color:#69727d;color:#fff}.elementor-widget-text-editor.elementor-drop-cap-view-framed .elementor-drop-cap{color:#69727d;border:3px solid;background-color:transparent}.elementor-widget-text-editor:not(.elementor-drop-cap-view-default) .elementor-drop-cap{margin-top:8px}.elementor-widget-text-editor:not(.elementor-drop-cap-view-default) .elementor-drop-cap-letter{width:1em;height:1em}.elementor-widget-text-editor .elementor-drop-cap{float:right;text-align:center;line-height:1;font-size:50px}.elementor-widget-text-editor .elementor-drop-cap-letter{display:inline-block}<\/style>\t\t\t\t<p><strong style=\"font-style: inherit; color: var( --e-global-color-text ); font-family: var( --e-global-typography-text-font-family ), Sans-serif; background-color: var(--ast-global-color-5);\">&#8220;Proloterapinin v\u00fccutta nas\u0131l \u00e7al\u0131\u015ft\u0131\u011f\u0131na dair bir\u00e7ok teori bulunmaktad\u0131r. Olas\u0131 mekanizmalar \u015funlar olabilir:<\/strong><\/p><ul><li><strong>Enjeksiyon, s\u0131v\u0131 bas\u0131nc\u0131n\u0131 de\u011fi\u015ftirerek hasarl\u0131 b\u00f6lgedeki h\u00fccrelerin patlamas\u0131na neden olur ve bu da iyile\u015fme s\u00fcrecini ba\u015flat\u0131r.<\/strong><\/li><li><strong>Enjeksiyon, ba\u011f\u0131\u015f\u0131kl\u0131k h\u00fccrelerini ve iltihaplanmaya neden olan kimyasallar\u0131 b\u00f6lgeye \u00e7eker.<\/strong><\/li><li><strong>Enjeksiyon, kolajen y\u0131k\u0131m\u0131 nedeniyle b\u00f6lgede yara dokusu olu\u015fmas\u0131na yol a\u00e7ar.<\/strong><\/li><li><strong>Enjeksiyon, h\u00fccreleri s\u0131n\u0131rl\u0131 bir alanda tahri\u015f ederek kurumas\u0131na neden olur.<\/strong><\/li><\/ul><p><strong>Bu i\u015flemin iltihaplanmaya neden oldu\u011fu ve v\u00fccudu iyile\u015fmeye te\u015fvik etti\u011fi s\u00f6ylenmektedir. Ayr\u0131ca a\u011fr\u0131y\u0131 azaltt\u0131\u011f\u0131 ifade edilmektedir.<\/strong><\/p><p><strong>Proloterapi tedavisi, tendon yaralanmalar\u0131, parmak ve diz artriti, ve bel a\u011fr\u0131s\u0131na neden olan ba\u011f dokusu sorunlar\u0131 gibi durumlarda yard\u0131mc\u0131 olabilir.&#8221;<\/strong><\/p>\t\t\t\t\t\t<\/div>\n\t\t\t\t<\/div>\n\t\t\t\t\t<\/div>\n\t\t<\/div>\n\t\t\t\t\t\t\t<\/div>\n\t\t<\/section>\n\t\t\t\t<section class=\"elementor-section elementor-top-section elementor-element elementor-element-fa2d278 elementor-section-boxed elementor-section-height-default elementor-section-height-default wpr-particle-no wpr-jarallax-no wpr-parallax-no wpr-sticky-section-no\" data-id=\"fa2d278\" data-element_type=\"section\">\n\t\t\t\t\t\t<div class=\"elementor-container elementor-column-gap-default\">\n\t\t\t\t\t<div class=\"elementor-column elementor-col-100 elementor-top-column elementor-element elementor-element-98bbc48\" data-id=\"98bbc48\" data-element_type=\"column\">\n\t\t\t<div class=\"elementor-widget-wrap elementor-element-populated\">\n\t\t\t\t\t\t\t\t<div class=\"elementor-element elementor-element-239ec28 elementor-widget elementor-widget-heading\" data-id=\"239ec28\" data-element_type=\"widget\" data-widget_type=\"heading.default\">\n\t\t\t\t<div class=\"elementor-widget-container\">\n\t\t\t<h2 class=\"elementor-heading-title elementor-size-default\">Proloterapi tedavi s\u00fcresi nedir?<\/h2>\t\t<\/div>\n\t\t\t\t<\/div>\n\t\t\t\t<div class=\"elementor-element elementor-element-f452209 elementor-widget elementor-widget-text-editor\" data-id=\"f452209\" data-element_type=\"widget\" data-widget_type=\"text-editor.default\">\n\t\t\t\t<div class=\"elementor-widget-container\">\n\t\t\t\t\t\t\t<p><strong style=\"font-style: inherit; color: var( --e-global-color-text ); font-family: var( --e-global-typography-text-font-family ), Sans-serif; background-color: var(--ast-global-color-5);\">&#8220;Proloterapi tedavisi genellikle etkili olmas\u0131 i\u00e7in hastan\u0131n yaralanma b\u00f6lgesine veya zay\u0131f noktaya birden fazla enjeksiyon yap\u0131lmas\u0131n\u0131 gerektirir. Hasta, her seans s\u0131ras\u0131nda 4 ila 15 enjeksiyon yap\u0131lmas\u0131n\u0131 ve tedavinin 3 ila 6 ay boyunca birka\u00e7 seansta ger\u00e7ekle\u015fmesini bekleyebilir.<\/strong><\/p><p><strong>Enjeksiyonlar\u0131n hassas olmas\u0131 gerekir, b\u00f6ylece tahri\u015f edici madde, ba\u011f dokusunun onar\u0131lmas\u0131n\u0131 gerektiren b\u00f6lgeye veya b\u00f6lgelere yerle\u015ftirilir.<\/strong><\/p><p><strong>Proloterapi Tedavisinin A\u015famalar\u0131 Nelerdir?<\/strong><\/p><p><strong>Proloterapiye ba\u015flamadan \u00f6nce doktor, eklem veya s\u0131rt a\u011fr\u0131s\u0131 ya\u015fayan hastay\u0131 de\u011ferlendirir ve bu tedavinin a\u011fr\u0131 b\u00f6lgesi ve hastan\u0131n durumu i\u00e7in uygun olup olmad\u0131\u011f\u0131n\u0131 belirler, \u00e7\u00fcnk\u00fc bu prosed\u00fcr her hastaya uygun olmayabilir.<\/strong><\/p><p><strong>Proloterapi Tedavisinin Avantajlar\u0131 Nelerdir?<\/strong><\/p><p><strong>Proloterapi, eklem ve s\u0131rt a\u011fr\u0131lar\u0131 i\u00e7in do\u011fal ve kal\u0131c\u0131 bir tedavi t\u00fcr\u00fc olarak kabul edilir, \u00e7\u00fcnk\u00fc v\u00fccudun kendini onarma ilkesine dayanarak a\u011fr\u0131y\u0131 azalt\u0131r. Buna kar\u015f\u0131l\u0131k, a\u011fr\u0131 kesiciler ve iltihap \u00f6nleyici ila\u00e7lar yaln\u0131zca ge\u00e7ici bir rahatlama sa\u011flar ve cerrahi se\u00e7enekler her zaman eklemi tamamen stabilize edemez.<\/strong><\/p><p><strong>Tedavi sonras\u0131nda eklem stabilizasyonu sa\u011flan\u0131r, s\u0131rt ve eklemlerin genel hareketlili\u011fi ve fonksiyonu iyile\u015ftirilir.&#8221;<\/strong><\/p>\t\t\t\t\t\t<\/div>\n\t\t\t\t<\/div>\n\t\t\t\t\t<\/div>\n\t\t<\/div>\n\t\t\t\t\t\t\t<\/div>\n\t\t<\/section>\n\t\t\t\t<section class=\"elementor-section elementor-top-section elementor-element elementor-element-a4efecd elementor-section-boxed elementor-section-height-default elementor-section-height-default wpr-particle-no wpr-jarallax-no wpr-parallax-no wpr-sticky-section-no\" data-id=\"a4efecd\" data-element_type=\"section\">\n\t\t\t\t\t\t<div class=\"elementor-container elementor-column-gap-default\">\n\t\t\t\t\t<div class=\"elementor-column elementor-col-100 elementor-top-column elementor-element elementor-element-ea30b4e\" data-id=\"ea30b4e\" data-element_type=\"column\">\n\t\t\t<div class=\"elementor-widget-wrap elementor-element-populated\">\n\t\t\t\t\t\t\t\t<div class=\"elementor-element elementor-element-8b330f8 elementor-widget elementor-widget-heading\" data-id=\"8b330f8\" data-element_type=\"widget\" data-widget_type=\"heading.default\">\n\t\t\t\t<div class=\"elementor-widget-container\">\n\t\t\t<h2 class=\"elementor-heading-title elementor-size-default\">Proloterapinin a\u011fr\u0131 tedavisinde ne kadar etkili oldu\u011fu nedir?\n\n\n\n\n\n\n<\/h2>\t\t<\/div>\n\t\t\t\t<\/div>\n\t\t\t\t<div class=\"elementor-element elementor-element-7938aa3 elementor-widget elementor-widget-text-editor\" data-id=\"7938aa3\" data-element_type=\"widget\" data-widget_type=\"text-editor.default\">\n\t\t\t\t<div class=\"elementor-widget-container\">\n\t\t\t\t\t\t\t<p><strong style=\"font-style: inherit; color: var( --e-global-color-text ); font-family: var( --e-global-typography-text-font-family ), Sans-serif; background-color: var(--ast-global-color-5);\">Journal of Alternative and Complementary Medicine dergisinde yay\u0131mlanan bir \u00e7al\u0131\u015fma, proloterapinin belirli a\u011fr\u0131lar\u0131n tedavisinde \u00e7ok y\u00fcksek ba\u015far\u0131 oranlar\u0131na sahip oldu\u011funu g\u00f6stermi\u015ftir.<\/strong><\/p>\n<p><strong>Genel olarak, herhangi bir t\u0131bbi veya tedavi prosed\u00fcr\u00fcn\u00fcn etkinli\u011fi veya ba\u015far\u0131 oran\u0131, b\u00fcy\u00fck \u00f6l\u00e7\u00fcde i\u015flemi ger\u00e7ekle\u015ftiren doktorun becerisine ba\u011fl\u0131d\u0131r. Ayr\u0131ca, farkl\u0131 v\u00fccutlar\u0131n tedaviye tepkileri \u00f6nemli \u00f6l\u00e7\u00fcde de\u011fi\u015febilir.<\/strong><\/p>\n<p><strong>Proloterapi Tedavisinin Yan Etkileri Nelerdir?<\/strong><\/p>\n<p><strong>Rejeneratif enjeksiyon tedavisi, s\u0131n\u0131rl\u0131 ara\u015ft\u0131rmalara g\u00f6re g\u00fcvenli bir tedavi y\u00f6ntemidir. Enjeksiyon tedavisi ve bel a\u011fr\u0131s\u0131 ile ilgili yap\u0131lan klinik deneylerde ciddi yan etkilere rastlanmam\u0131\u015ft\u0131r. Hafif etkiler \u015funlar\u0131 i\u00e7erebilir:<\/strong><\/p>\n<ul>\n<li><strong>Enjeksiyon s\u0131ras\u0131nda hafif a\u011fr\u0131.<\/strong><\/li>\n<li><strong>Kanama.<\/strong><\/li>\n<li><strong>Bazen uyu\u015fma.<\/strong><\/li>\n<li><strong>Eklemde dolgunluk hissi.<\/strong><\/li>\n<\/ul>\n<p><strong>Ayr\u0131ca \u015fu t\u00fcr yan etkiler de olabilir:<\/strong><\/p>\n<ul>\n<li><strong>Alerjik reaksiyon.<\/strong><\/li>\n<li><strong>Enjeksiyon yerinde enfeksiyon.<\/strong><\/li>\n<li><strong>Sinir hasar\u0131.<\/strong><\/li>\n<li><strong>Ba\u015f d\u00f6nmesi.<\/strong><\/li>\n<\/ul>\n<p><strong>Proloterapi tedavisinin, enjeksiyon yapma konusunda d\u00fczg\u00fcn bir \u015fekilde e\u011fitilmi\u015f uygulay\u0131c\u0131lardan al\u0131nmas\u0131 \u00f6nemlidir.<\/strong><\/p>\t\t\t\t\t\t<\/div>\n\t\t\t\t<\/div>\n\t\t\t\t\t<\/div>\n\t\t<\/div>\n\t\t\t\t\t\t\t<\/div>\n\t\t<\/section>\n\t\t\t\t\t\t\t<\/div>\n\t\t","protected":false},"excerpt":{"rendered":"<p>Proloterapi tedavisi nas\u0131l \u00e7al\u0131\u015f\u0131r? &#8220;Proloterapinin v\u00fccutta nas\u0131l \u00e7al\u0131\u015ft\u0131\u011f\u0131na dair bir\u00e7ok teori bulunmaktad\u0131r. Olas\u0131 mekanizmalar \u015funlar olabilir: Enjeksiyon, s\u0131v\u0131 bas\u0131nc\u0131n\u0131 de\u011fi\u015ftirerek hasarl\u0131 b\u00f6lgedeki h\u00fccrelerin patlamas\u0131na neden olur ve bu da iyile\u015fme s\u00fcrecini ba\u015flat\u0131r. Enjeksiyon, ba\u011f\u0131\u015f\u0131kl\u0131k h\u00fccrelerini ve iltihaplanmaya neden olan kimyasallar\u0131 b\u00f6lgeye \u00e7eker. Enjeksiyon, kolajen y\u0131k\u0131m\u0131 nedeniyle b\u00f6lgede yara dokusu olu\u015fmas\u0131na yol a\u00e7ar. Enjeksiyon, h\u00fccreleri s\u0131n\u0131rl\u0131 [&hellip;]<\/p>\n","protected":false},"author":1,"featured_media":0,"parent":0,"menu_order":0,"comment_status":"closed","ping_status":"closed","template":"","meta":{"site-sidebar-layout":"no-sidebar","site-content-layout":"page-builder","ast-site-content-layout":"","site-content-style":"default","site-sidebar-style":"default","ast-global-header-display":"","ast-banner-title-visibility":"","ast-main-header-display":"","ast-hfb-above-header-display":"","ast-hfb-below-header-display":"","ast-hfb-mobile-header-display":"","site-post-title":"disabled","ast-breadcrumbs-content":"","ast-featured-img":"disabled","footer-sml-layout":"","theme-transparent-header-meta":"","adv-header-id-meta":"","stick-header-meta":"","header-above-stick-meta":"","header-main-stick-meta":"","header-below-stick-meta":"","astra-migrate-meta-layouts":"default","ast-page-background-enabled":"default","ast-page-background-meta":{"desktop":{"background-color":"var(--ast-global-color-4)","background-image":"","background-repeat":"repeat","background-position":"center center","background-size":"auto","background-attachment":"scroll","background-type":"","background-media":"","overlay-type":"","overlay-color":"","overlay-gradient":""},"tablet":{"background-color":"","background-image":"","background-repeat":"repeat","background-position":"center center","background-size":"auto","background-attachment":"scroll","background-type":"","background-media":"","overlay-type":"","overlay-color":"","overlay-gradient":""},"mobile":{"background-color":"","background-image":"","background-repeat":"repeat","background-position":"center center","background-size":"auto","background-attachment":"scroll","background-type":"","background-media":"","overlay-type":"","overlay-color":"","overlay-gradient":""}},"ast-content-background-meta":{"desktop":{"background-color":"var(--ast-global-color-5)","background-image":"","background-repeat":"repeat","background-position":"center center","background-size":"auto","background-attachment":"scroll","background-type":"","background-media":"","overlay-type":"","overlay-color":"","overlay-gradient":""},"tablet":{"background-color":"var(--ast-global-color-5)","background-image":"","background-repeat":"repeat","background-position":"center center","background-size":"auto","background-attachment":"scroll","background-type":"","background-media":"","overlay-type":"","overlay-color":"","overlay-gradient":""},"mobile":{"background-color":"var(--ast-global-color-5)","background-image":"","background-repeat":"repeat","background-position":"center center","background-size":"auto","background-attachment":"scroll","background-type":"","background-media":"","overlay-type":"","overlay-color":"","overlay-gradient":""}},"footnotes":""},"class_list":["post-1515","page","type-page","status-publish","hentry"],"_links":{"self":[{"href":"https:\/\/omar-habash.com\/tr\/wp-json\/wp\/v2\/pages\/1515","targetHints":{"allow":["GET"]}}],"collection":[{"href":"https:\/\/omar-habash.com\/tr\/wp-json\/wp\/v2\/pages"}],"about":[{"href":"https:\/\/omar-habash.com\/tr\/wp-json\/wp\/v2\/types\/page"}],"author":[{"embeddable":true,"href":"https:\/\/omar-habash.com\/tr\/wp-json\/wp\/v2\/users\/1"}],"replies":[{"embeddable":true,"href":"https:\/\/omar-habash.com\/tr\/wp-json\/wp\/v2\/comments?post=1515"}],"version-history":[{"count":7,"href":"https:\/\/omar-habash.com\/tr\/wp-json\/wp\/v2\/pages\/1515\/revisions"}],"predecessor-version":[{"id":1618,"href":"https:\/\/omar-habash.com\/tr\/wp-json\/wp\/v2\/pages\/1515\/revisions\/1618"}],"wp:attachment":[{"href":"https:\/\/omar-habash.com\/tr\/wp-json\/wp\/v2\/media?parent=1515"}],"curies":[{"name":"wp","href":"https:\/\/api.w.org\/{rel}","templated":true}]}}