{"id":1403,"date":"2024-01-13T14:31:04","date_gmt":"2024-01-13T14:31:04","guid":{"rendered":"https:\/\/omar-habash.com\/%d9%85%d8%a7-%d9%87%d9%8a-%d8%ad%d9%82%d9%86-%d8%a7%d9%84%d8%a8%d9%84%d8%a7%d8%b2%d9%85%d8%a7%d8%9f\/"},"modified":"2024-11-25T09:22:15","modified_gmt":"2024-11-25T09:22:15","slug":"quest-ce-que-les-injections-de-plasma","status":"publish","type":"page","link":"https:\/\/omar-habash.com\/fr\/quest-ce-que-les-injections-de-plasma\/","title":{"rendered":"Qu&#8217;est-ce que les injections de plasma ?"},"content":{"rendered":"\t\t<div data-elementor-type=\"wp-page\" data-elementor-id=\"1403\" class=\"elementor elementor-1403\">\n\t\t\t\t\t\t\t\t\t<section class=\"elementor-section elementor-top-section elementor-element elementor-element-14a24f4 elementor-section-full_width elementor-section-height-min-height elementor-section-stretched elementor-section-height-default elementor-section-items-middle wpr-particle-no wpr-jarallax-no wpr-parallax-no wpr-sticky-section-no\" data-id=\"14a24f4\" data-element_type=\"section\" data-settings=\"{&quot;stretch_section&quot;:&quot;section-stretched&quot;,&quot;background_background&quot;:&quot;classic&quot;}\">\n\t\t\t\t\t\t<div class=\"elementor-container elementor-column-gap-default\">\n\t\t\t\t\t<div class=\"elementor-column elementor-col-100 elementor-top-column elementor-element elementor-element-df68869\" data-id=\"df68869\" data-element_type=\"column\">\n\t\t\t<div class=\"elementor-widget-wrap\">\n\t\t\t\t\t\t\t\t\t<\/div>\n\t\t<\/div>\n\t\t\t\t\t\t\t<\/div>\n\t\t<\/section>\n\t\t\t\t<section class=\"elementor-section elementor-top-section elementor-element elementor-element-81cdfbe elementor-section-boxed elementor-section-height-default elementor-section-height-default wpr-particle-no wpr-jarallax-no wpr-parallax-no wpr-sticky-section-no\" data-id=\"81cdfbe\" data-element_type=\"section\">\n\t\t\t\t\t\t<div class=\"elementor-container elementor-column-gap-default\">\n\t\t\t\t\t<div class=\"elementor-column elementor-col-100 elementor-top-column elementor-element elementor-element-cc4cdf2\" data-id=\"cc4cdf2\" data-element_type=\"column\">\n\t\t\t<div class=\"elementor-widget-wrap elementor-element-populated\">\n\t\t\t\t\t\t\t\t<div class=\"elementor-element elementor-element-c2c375b elementor-widget elementor-widget-heading\" data-id=\"c2c375b\" data-element_type=\"widget\" data-widget_type=\"heading.default\">\n\t\t\t\t<div class=\"elementor-widget-container\">\n\t\t\t<style>\/*! elementor - v3.16.0 - 09-10-2023 *\/\n.elementor-heading-title{padding:0;margin:0;line-height:1}.elementor-widget-heading .elementor-heading-title[class*=elementor-size-]>a{color:inherit;font-size:inherit;line-height:inherit}.elementor-widget-heading .elementor-heading-title.elementor-size-small{font-size:15px}.elementor-widget-heading .elementor-heading-title.elementor-size-medium{font-size:19px}.elementor-widget-heading .elementor-heading-title.elementor-size-large{font-size:29px}.elementor-widget-heading .elementor-heading-title.elementor-size-xl{font-size:39px}.elementor-widget-heading .elementor-heading-title.elementor-size-xxl{font-size:59px}<\/style><h2 class=\"elementor-heading-title elementor-size-default\">Quelles sont les cat\u00e9gories de personnes adapt\u00e9es au traitement par injections de plasma ?<\/h2>\t\t<\/div>\n\t\t\t\t<\/div>\n\t\t\t\t<div class=\"elementor-element elementor-element-4a59a49 elementor-widget elementor-widget-text-editor\" data-id=\"4a59a49\" data-element_type=\"widget\" data-widget_type=\"text-editor.default\">\n\t\t\t\t<div class=\"elementor-widget-container\">\n\t\t\t<style>\/*! elementor - v3.16.0 - 09-10-2023 *\/\n.elementor-widget-text-editor.elementor-drop-cap-view-stacked .elementor-drop-cap{background-color:#69727d;color:#fff}.elementor-widget-text-editor.elementor-drop-cap-view-framed .elementor-drop-cap{color:#69727d;border:3px solid;background-color:transparent}.elementor-widget-text-editor:not(.elementor-drop-cap-view-default) .elementor-drop-cap{margin-top:8px}.elementor-widget-text-editor:not(.elementor-drop-cap-view-default) .elementor-drop-cap-letter{width:1em;height:1em}.elementor-widget-text-editor .elementor-drop-cap{float:right;text-align:center;line-height:1;font-size:50px}.elementor-widget-text-editor .elementor-drop-cap-letter{display:inline-block}<\/style>\t\t\t\t<p>Les injections de plasma sont une option appropri\u00e9e pour les patients qui n&#8217;ont pas r\u00e9pondu aux m\u00e9thodes traditionnelles de traitement des douleurs articulaires, telles que les anti-inflammatoires, les injections de cortisone et la physioth\u00e9rapie. Dans ces cas, le m\u00e9decin peut envisager les injections de plasma pour soulager les sympt\u00f4mes.<\/p><h3>Quels sont les objectifs du traitement par injections de plasma ?<\/h3><p>Seul un sp\u00e9cialiste en orthop\u00e9die est habilit\u00e9 \u00e0 administrer des injections de plasma dans l&#8217;articulation. Le m\u00e9decin injecte directement le plasma dans l&#8217;articulation affect\u00e9e, avec pour objectifs principaux :<\/p><ul><li>R\u00e9duire la douleur.<\/li><li>Am\u00e9liorer la fonction articulaire.<\/li><li>Arr\u00eater ou r\u00e9parer les dommages au cartilage.<\/li><li>Stimuler la formation de nouveau cartilage.<\/li><li>Augmenter la production de liquide synovial naturel dans l&#8217;articulation.<\/li><\/ul>\t\t\t\t\t\t<\/div>\n\t\t\t\t<\/div>\n\t\t\t\t\t<\/div>\n\t\t<\/div>\n\t\t\t\t\t\t\t<\/div>\n\t\t<\/section>\n\t\t\t\t<section class=\"elementor-section elementor-top-section elementor-element elementor-element-0707a8d elementor-section-boxed elementor-section-height-default elementor-section-height-default wpr-particle-no wpr-jarallax-no wpr-parallax-no wpr-sticky-section-no\" data-id=\"0707a8d\" data-element_type=\"section\">\n\t\t\t\t\t\t<div class=\"elementor-container elementor-column-gap-default\">\n\t\t\t\t\t<div class=\"elementor-column elementor-col-100 elementor-top-column elementor-element elementor-element-d3faca1\" data-id=\"d3faca1\" data-element_type=\"column\">\n\t\t\t<div class=\"elementor-widget-wrap elementor-element-populated\">\n\t\t\t\t\t\t\t\t<div class=\"elementor-element elementor-element-c1469e2 elementor-widget elementor-widget-heading\" data-id=\"c1469e2\" data-element_type=\"widget\" data-widget_type=\"heading.default\">\n\t\t\t\t<div class=\"elementor-widget-container\">\n\t\t\t<h2 class=\"elementor-heading-title elementor-size-default\">How does platelet-rich plasma (PRP) work to heal injured tissues?<\/h2>\t\t<\/div>\n\t\t\t\t<\/div>\n\t\t\t\t<div class=\"elementor-element elementor-element-863f6f2 elementor-widget elementor-widget-text-editor\" data-id=\"863f6f2\" data-element_type=\"widget\" data-widget_type=\"text-editor.default\">\n\t\t\t\t<div class=\"elementor-widget-container\">\n\t\t\t\t\t\t\t<p>When tissues are injured, the body sends platelets packed with growth factors to initiate repair, rebuild the damaged tissues, and activate stem cells, which play a crucial role in tissue regeneration.<\/p><p>This advanced therapeutic technique harnesses the body&#8217;s natural abilities by delivering a high concentration of platelets directly to the injury site.<\/p><p>To prepare <strong>Platelet-Rich Plasma (PRP)<\/strong>, a small blood sample is drawn (similar to routine blood tests like a CBC). The sample is processed in a centrifuge, which spins it at high speed to separate the platelets from other blood components. This process produces a concentrated amount of platelets, which are then injected into and around the injured area, triggering the healing process and boosting tissue regeneration.<\/p><p>Since the therapy uses the patient&#8217;s own blood (without any external medical interventions), the risk of adverse reactions or infections is significantly minimized. Additionally, PRP treatments can be safely repeated if necessary.<\/p><p>This non-surgical procedure is usually performed safely in an outpatient setting. PRP therapy effectively reduces pain and promotes the healing of damaged tissues without the risks associated with surgery, general anesthesia, hospitalization, or lengthy recovery periods. Most individuals can return to work or their usual activities immediately after the localized injection.<\/p>\t\t\t\t\t\t<\/div>\n\t\t\t\t<\/div>\n\t\t\t\t\t<\/div>\n\t\t<\/div>\n\t\t\t\t\t\t\t<\/div>\n\t\t<\/section>\n\t\t\t\t<section class=\"elementor-section elementor-top-section elementor-element elementor-element-1082dfc elementor-section-boxed elementor-section-height-default elementor-section-height-default wpr-particle-no wpr-jarallax-no wpr-parallax-no wpr-sticky-section-no\" data-id=\"1082dfc\" data-element_type=\"section\">\n\t\t\t\t\t\t<div class=\"elementor-container elementor-column-gap-default\">\n\t\t\t\t\t<div class=\"elementor-column elementor-col-100 elementor-top-column elementor-element elementor-element-eb4bd51\" data-id=\"eb4bd51\" data-element_type=\"column\">\n\t\t\t<div class=\"elementor-widget-wrap elementor-element-populated\">\n\t\t\t\t\t\t\t\t<div class=\"elementor-element elementor-element-01283df elementor-widget elementor-widget-heading\" data-id=\"01283df\" data-element_type=\"widget\" data-widget_type=\"heading.default\">\n\t\t\t\t<div class=\"elementor-widget-container\">\n\t\t\t<h2 class=\"elementor-heading-title elementor-size-default\">What preparations are required before PRP injections?<\/h2>\t\t<\/div>\n\t\t\t\t<\/div>\n\t\t\t\t<div class=\"elementor-element elementor-element-a652629 elementor-widget elementor-widget-text-editor\" data-id=\"a652629\" data-element_type=\"widget\" data-widget_type=\"text-editor.default\">\n\t\t\t\t<div class=\"elementor-widget-container\">\n\t\t\t\t\t\t\t<h3><strong>Ask your doctor about any precautions to take before or after the treatment. Generally, follow these guidelines:<\/strong><\/h3><ol><li><strong>Avoid anti-inflammatory medications<\/strong> like NSAIDs (non-steroidal anti-inflammatory drugs) for seven days before PRP injections.<\/li><li><strong>Refrain from taking blood-thinning medications<\/strong> five days prior to the procedure.<\/li><li><strong>Stop corticosteroid usage<\/strong> two to three weeks before the PRP injection.<\/li><li><strong>Undergo an MRI scan<\/strong> of the knee to allow the doctor to assess the extent of joint damage.<\/li><li><strong>Stay hydrated<\/strong> by drinking plenty of fluids the day before the procedure.<\/li><li><strong>Consider taking anti-anxiety medications<\/strong> before the injection to ease any stress or tension.<\/li><li><strong>Use crutches for support<\/strong> for up to two days after the procedure.<\/li><li><strong>Arrange for transportation<\/strong> to get home after the PRP injection.<\/li><\/ol><hr \/><h3><strong>What happens after PRP injections?<\/strong><\/h3><p>Following PRP therapy, your doctor may recommend these steps to ensure optimal results:<\/p><ol><li><strong>Apply an ice pack<\/strong> to the treated area every two to three hours for 20 minutes each time, for three days post-treatment.<\/li><li><strong>Use pain relievers as needed<\/strong>, but avoid non-steroidal anti-inflammatory drugs for pain management.<\/li><li><strong>Limit physical activities<\/strong> and avoid strenuous tasks that may stress the treated area.<\/li><li><strong>Use supportive crutches<\/strong> for a few days, especially if the injection was administered to the ankle, knee, or hip joint.<\/li><li><strong>Schedule a follow-up appointment<\/strong> six weeks after the PRP injection to evaluate the effectiveness of the treatment.<\/li><\/ol>\t\t\t\t\t\t<\/div>\n\t\t\t\t<\/div>\n\t\t\t\t\t<\/div>\n\t\t<\/div>\n\t\t\t\t\t\t\t<\/div>\n\t\t<\/section>\n\t\t\t\t<section class=\"elementor-section elementor-top-section elementor-element elementor-element-831d745 elementor-section-boxed elementor-section-height-default elementor-section-height-default wpr-particle-no wpr-jarallax-no wpr-parallax-no wpr-sticky-section-no\" data-id=\"831d745\" data-element_type=\"section\">\n\t\t\t\t\t\t<div class=\"elementor-container elementor-column-gap-default\">\n\t\t\t\t\t<div class=\"elementor-column elementor-col-100 elementor-top-column elementor-element elementor-element-d4b4b18\" data-id=\"d4b4b18\" data-element_type=\"column\">\n\t\t\t<div class=\"elementor-widget-wrap elementor-element-populated\">\n\t\t\t\t\t\t\t\t<div class=\"elementor-element elementor-element-7667ee8 elementor-widget elementor-widget-heading\" data-id=\"7667ee8\" data-element_type=\"widget\" data-widget_type=\"heading.default\">\n\t\t\t\t<div class=\"elementor-widget-container\">\n\t\t\t<h2 class=\"elementor-heading-title elementor-size-default\">Quelle est l'efficacit\u00e9 des injections de PRP pour les douleurs articulaires ?<\/h2>\t\t<\/div>\n\t\t\t\t<\/div>\n\t\t\t\t<div class=\"elementor-element elementor-element-f74aa4a elementor-widget elementor-widget-text-editor\" data-id=\"f74aa4a\" data-element_type=\"widget\" data-widget_type=\"text-editor.default\">\n\t\t\t\t<div class=\"elementor-widget-container\">\n\t\t\t\t\t\t\t<p>Bien que l&#8217;utilisation des injections de plasma riche en plaquettes (PRP) ait connu un essor important r\u00e9cemment, les preuves de son efficacit\u00e9 restent contradictoires.<\/p><p>\u00c0 ce jour, il n&#8217;existe pas suffisamment d&#8217;\u00e9tudes pour prouver l&#8217;efficacit\u00e9 des injections de PRP. Il semble que certaines personnes b\u00e9n\u00e9ficient consid\u00e9rablement du traitement, tandis que d&#8217;autres n&#8217;en tirent aucun avantage.<\/p><p>L&#8217;efficacit\u00e9 des injections de PRP varie d&#8217;une personne \u00e0 l&#8217;autre, et cette variation est due \u00e0 plusieurs raisons :<\/p><ul><li>Les diff\u00e9rences dans les caract\u00e9ristiques sanguines d&#8217;une personne \u00e0 l&#8217;autre, en particulier le nombre de plaquettes.<\/li><li>La m\u00e9thode de traitement et de s\u00e9paration du sang, car les diff\u00e9rents appareils de centrifugation peuvent affecter la composition du plasma.<\/li><li>Les substances ajout\u00e9es aux injections de PRP, o\u00f9 le m\u00e9decin peut ajouter des mat\u00e9riaux qui augmentent l&#8217;absorption du plasma par les articulations.<\/li><\/ul><p><strong>Le r\u00f4le de cette technique avanc\u00e9e dans le traitement des blessures sportives :<\/strong><\/p><p>Les blessures sportives sont parmi les plus courantes au monde, et elles touchent souvent les ligaments, les tendons, le cartilage et les articulations en g\u00e9n\u00e9ral. Alors que les m\u00e9dicaments, la physioth\u00e9rapie, les exercices de r\u00e9\u00e9ducation et les interventions chirurgicales \u00e9taient auparavant les seules options disponibles pour les patients et leurs m\u00e9decins, l&#8217;utilisation des injections de plasma riche en plaquettes pour traiter les blessures sportives gagne rapidement en popularit\u00e9.<\/p><p>Les injections de PRP sont d\u00e9sormais l&#8217;une des options principales et pr\u00e9f\u00e9r\u00e9es par de nombreux sp\u00e9cialistes, en tant qu&#8217;ajout avanc\u00e9 aux m\u00e9thodes de traitement traditionnelles.<\/p><p>L&#8217;efficacit\u00e9 de ces injections est particuli\u00e8rement b\u00e9n\u00e9fique pour les sportifs, car elles aident \u00e0 une r\u00e9cup\u00e9ration rapide apr\u00e8s des blessures comme celles des ligaments et des tendons dans diff\u00e9rentes parties du corps, et favorisent un retour rapide \u00e0 la pratique de leur activit\u00e9 sportive.<\/p><p>L&#8217;utilisation des injections de PRP par des sp\u00e9cialistes a conduit \u00e0 une r\u00e9volution mondiale dans le traitement de nombreux probl\u00e8mes osseux, articulaires et ligamentaires avec un grand succ\u00e8s, sans complications ni effets secondaires.<\/p>\t\t\t\t\t\t<\/div>\n\t\t\t\t<\/div>\n\t\t\t\t\t<\/div>\n\t\t<\/div>\n\t\t\t\t\t\t\t<\/div>\n\t\t<\/section>\n\t\t\t\t\t\t\t<\/div>\n\t\t","protected":false},"excerpt":{"rendered":"<p>Quelles sont les cat\u00e9gories de personnes adapt\u00e9es au traitement par injections de plasma ? Les injections de plasma sont une option appropri\u00e9e pour les patients qui n&#8217;ont pas r\u00e9pondu aux m\u00e9thodes traditionnelles de traitement des douleurs articulaires, telles que les anti-inflammatoires, les injections de cortisone et la physioth\u00e9rapie. Dans ces cas, le m\u00e9decin peut envisager [&hellip;]<\/p>\n","protected":false},"author":1,"featured_media":0,"parent":0,"menu_order":0,"comment_status":"closed","ping_status":"closed","template":"","meta":{"site-sidebar-layout":"no-sidebar","site-content-layout":"page-builder","ast-site-content-layout":"","site-content-style":"default","site-sidebar-style":"default","ast-global-header-display":"","ast-banner-title-visibility":"","ast-main-header-display":"","ast-hfb-above-header-display":"","ast-hfb-below-header-display":"","ast-hfb-mobile-header-display":"","site-post-title":"disabled","ast-breadcrumbs-content":"","ast-featured-img":"disabled","footer-sml-layout":"","theme-transparent-header-meta":"default","adv-header-id-meta":"","stick-header-meta":"","header-above-stick-meta":"","header-main-stick-meta":"","header-below-stick-meta":"","astra-migrate-meta-layouts":"default","ast-page-background-enabled":"default","ast-page-background-meta":{"desktop":{"background-color":"var(--ast-global-color-4)","background-image":"","background-repeat":"repeat","background-position":"center center","background-size":"auto","background-attachment":"scroll","background-type":"","background-media":"","overlay-type":"","overlay-color":"","overlay-gradient":""},"tablet":{"background-color":"","background-image":"","background-repeat":"repeat","background-position":"center center","background-size":"auto","background-attachment":"scroll","background-type":"","background-media":"","overlay-type":"","overlay-color":"","overlay-gradient":""},"mobile":{"background-color":"","background-image":"","background-repeat":"repeat","background-position":"center center","background-size":"auto","background-attachment":"scroll","background-type":"","background-media":"","overlay-type":"","overlay-color":"","overlay-gradient":""}},"ast-content-background-meta":{"desktop":{"background-color":"var(--ast-global-color-5)","background-image":"","background-repeat":"repeat","background-position":"center center","background-size":"auto","background-attachment":"scroll","background-type":"","background-media":"","overlay-type":"","overlay-color":"","overlay-gradient":""},"tablet":{"background-color":"var(--ast-global-color-5)","background-image":"","background-repeat":"repeat","background-position":"center center","background-size":"auto","background-attachment":"scroll","background-type":"","background-media":"","overlay-type":"","overlay-color":"","overlay-gradient":""},"mobile":{"background-color":"var(--ast-global-color-5)","background-image":"","background-repeat":"repeat","background-position":"center center","background-size":"auto","background-attachment":"scroll","background-type":"","background-media":"","overlay-type":"","overlay-color":"","overlay-gradient":""}},"footnotes":""},"class_list":["post-1403","page","type-page","status-publish","hentry"],"_links":{"self":[{"href":"https:\/\/omar-habash.com\/fr\/wp-json\/wp\/v2\/pages\/1403","targetHints":{"allow":["GET"]}}],"collection":[{"href":"https:\/\/omar-habash.com\/fr\/wp-json\/wp\/v2\/pages"}],"about":[{"href":"https:\/\/omar-habash.com\/fr\/wp-json\/wp\/v2\/types\/page"}],"author":[{"embeddable":true,"href":"https:\/\/omar-habash.com\/fr\/wp-json\/wp\/v2\/users\/1"}],"replies":[{"embeddable":true,"href":"https:\/\/omar-habash.com\/fr\/wp-json\/wp\/v2\/comments?post=1403"}],"version-history":[{"count":10,"href":"https:\/\/omar-habash.com\/fr\/wp-json\/wp\/v2\/pages\/1403\/revisions"}],"predecessor-version":[{"id":1513,"href":"https:\/\/omar-habash.com\/fr\/wp-json\/wp\/v2\/pages\/1403\/revisions\/1513"}],"wp:attachment":[{"href":"https:\/\/omar-habash.com\/fr\/wp-json\/wp\/v2\/media?parent=1403"}],"curies":[{"name":"wp","href":"https:\/\/api.w.org\/{rel}","templated":true}]}}