{"id":1402,"date":"2024-01-13T14:27:14","date_gmt":"2024-01-13T14:27:14","guid":{"rendered":"https:\/\/omar-habash.com\/%d9%85%d8%a7-%d9%87%d9%8a-%d8%aa%d9%82%d9%86%d9%8a%d8%a9-%d8%a7%d9%84%d8%b1%d9%8a%d8%ac%d9%8a%d9%86%d9%8a%d8%b1%d8%a7%d8%9f\/"},"modified":"2024-11-24T15:20:29","modified_gmt":"2024-11-24T15:20:29","slug":"quest-ce-que-la-technique-regenera","status":"publish","type":"page","link":"https:\/\/omar-habash.com\/fr\/quest-ce-que-la-technique-regenera\/","title":{"rendered":"Qu&#8217;est-ce que la technique Regenera ?"},"content":{"rendered":"\t\t<div data-elementor-type=\"wp-page\" data-elementor-id=\"1402\" class=\"elementor elementor-1402\">\n\t\t\t\t\t\t\t\t\t<section class=\"elementor-section elementor-top-section elementor-element elementor-element-de2b8ba elementor-section-full_width elementor-section-height-min-height elementor-section-stretched elementor-section-height-default elementor-section-items-middle wpr-particle-no wpr-jarallax-no wpr-parallax-no wpr-sticky-section-no\" data-id=\"de2b8ba\" data-element_type=\"section\" data-settings=\"{&quot;stretch_section&quot;:&quot;section-stretched&quot;,&quot;background_background&quot;:&quot;classic&quot;}\">\n\t\t\t\t\t\t<div class=\"elementor-container elementor-column-gap-default\">\n\t\t\t\t\t<div class=\"elementor-column elementor-col-100 elementor-top-column elementor-element elementor-element-39d6653\" data-id=\"39d6653\" data-element_type=\"column\">\n\t\t\t<div class=\"elementor-widget-wrap\">\n\t\t\t\t\t\t\t\t\t<\/div>\n\t\t<\/div>\n\t\t\t\t\t\t\t<\/div>\n\t\t<\/section>\n\t\t\t\t<section class=\"elementor-section elementor-top-section elementor-element elementor-element-2497460 elementor-section-boxed elementor-section-height-default elementor-section-height-default wpr-particle-no wpr-jarallax-no wpr-parallax-no wpr-sticky-section-no\" data-id=\"2497460\" data-element_type=\"section\">\n\t\t\t\t\t\t<div class=\"elementor-container elementor-column-gap-default\">\n\t\t\t\t\t<div class=\"elementor-column elementor-col-100 elementor-top-column elementor-element elementor-element-c02e2b3\" data-id=\"c02e2b3\" data-element_type=\"column\">\n\t\t\t<div class=\"elementor-widget-wrap elementor-element-populated\">\n\t\t\t\t\t\t\t\t<div class=\"elementor-element elementor-element-8d96cb5 elementor-widget elementor-widget-heading\" data-id=\"8d96cb5\" data-element_type=\"widget\" data-widget_type=\"heading.default\">\n\t\t\t\t<div class=\"elementor-widget-container\">\n\t\t\t<style>\/*! elementor - v3.16.0 - 09-10-2023 *\/\n.elementor-heading-title{padding:0;margin:0;line-height:1}.elementor-widget-heading .elementor-heading-title[class*=elementor-size-]>a{color:inherit;font-size:inherit;line-height:inherit}.elementor-widget-heading .elementor-heading-title.elementor-size-small{font-size:15px}.elementor-widget-heading .elementor-heading-title.elementor-size-medium{font-size:19px}.elementor-widget-heading .elementor-heading-title.elementor-size-large{font-size:29px}.elementor-widget-heading .elementor-heading-title.elementor-size-xl{font-size:39px}.elementor-widget-heading .elementor-heading-title.elementor-size-xxl{font-size:59px}<\/style><h2 class=\"elementor-heading-title elementor-size-default\">Quelles sont les utilisations de la technologie Regenera ?<\/h2>\t\t<\/div>\n\t\t\t\t<\/div>\n\t\t\t\t<div class=\"elementor-element elementor-element-0e939a1 elementor-widget elementor-widget-text-editor\" data-id=\"0e939a1\" data-element_type=\"widget\" data-widget_type=\"text-editor.default\">\n\t\t\t\t<div class=\"elementor-widget-container\">\n\t\t\t<style>\/*! elementor - v3.16.0 - 09-10-2023 *\/\n.elementor-widget-text-editor.elementor-drop-cap-view-stacked .elementor-drop-cap{background-color:#69727d;color:#fff}.elementor-widget-text-editor.elementor-drop-cap-view-framed .elementor-drop-cap{color:#69727d;border:3px solid;background-color:transparent}.elementor-widget-text-editor:not(.elementor-drop-cap-view-default) .elementor-drop-cap{margin-top:8px}.elementor-widget-text-editor:not(.elementor-drop-cap-view-default) .elementor-drop-cap-letter{width:1em;height:1em}.elementor-widget-text-editor .elementor-drop-cap{float:right;text-align:center;line-height:1;font-size:50px}.elementor-widget-text-editor .elementor-drop-cap-letter{display:inline-block}<\/style>\t\t\t\t<p>L&#8217;utilisation principale de l&#8217;appareil Regenera r\u00e9side dans la gestion de la douleur, de la raideur et de l&#8217;incapacit\u00e9 caus\u00e9es par des traumatismes et des blessures affectant le cartilage des articulations du syst\u00e8me musculo-squelettique.<\/p><p>Les l\u00e9sions du cartilage affectent le m\u00e9tabolisme local au sein de l&#8217;articulation, entra\u00eenant une s\u00e9rie de m\u00e9diateurs inflammatoires provenant des chondrocytes adultes et d&#8217;autres sources. Ce d\u00e9s\u00e9quilibre peut conduire \u00e0 des douleurs et \u00e0 la raideur articulaire.<\/p><p>Le protocole AMT-RegeneraActiva est recommand\u00e9 comme approche non chirurgicale offrant une gestion durable de la douleur du cartilage, am\u00e9liorant la rigidit\u00e9 et l&#8217;incapacit\u00e9 au sein de l&#8217;articulation trait\u00e9e. La pr\u00e9sence de facteurs biologiques dans la solution AMT peut favoriser les processus de gu\u00e9rison gr\u00e2ce \u00e0 une communication mol\u00e9culaire vitale, r\u00e9tablissant l&#8217;\u00e9quilibre pr\u00e9cis pr\u00e9sent dans une articulation saine.<\/p>\t\t\t\t\t\t<\/div>\n\t\t\t\t<\/div>\n\t\t\t\t\t<\/div>\n\t\t<\/div>\n\t\t\t\t\t\t\t<\/div>\n\t\t<\/section>\n\t\t\t\t<section class=\"elementor-section elementor-top-section elementor-element elementor-element-3a9d26e elementor-section-boxed elementor-section-height-default elementor-section-height-default wpr-particle-no wpr-jarallax-no wpr-parallax-no wpr-sticky-section-no\" data-id=\"3a9d26e\" data-element_type=\"section\">\n\t\t\t\t\t\t<div class=\"elementor-container elementor-column-gap-default\">\n\t\t\t\t\t<div class=\"elementor-column elementor-col-100 elementor-top-column elementor-element elementor-element-21f64cb\" data-id=\"21f64cb\" data-element_type=\"column\">\n\t\t\t<div class=\"elementor-widget-wrap elementor-element-populated\">\n\t\t\t\t\t\t\t\t<div class=\"elementor-element elementor-element-18891a0 elementor-widget elementor-widget-heading\" data-id=\"18891a0\" data-element_type=\"widget\" data-widget_type=\"heading.default\">\n\t\t\t\t<div class=\"elementor-widget-container\">\n\t\t\t<h2 class=\"elementor-heading-title elementor-size-default\">Comment fonctionne la technologie Regenera ?<\/h2>\t\t<\/div>\n\t\t\t\t<\/div>\n\t\t\t\t<div class=\"elementor-element elementor-element-19ea524 elementor-widget elementor-widget-text-editor\" data-id=\"19ea524\" data-element_type=\"widget\" data-widget_type=\"text-editor.default\">\n\t\t\t\t<div class=\"elementor-widget-container\">\n\t\t\t\t\t\t\t<p>Le dispositif Regenera traite l&#8217;arthrose du genou en pr\u00e9levant un \u00e9chantillon de la zone \u00e0 traiter, puis les cellules endommag\u00e9es sont examin\u00e9es sous microscope et enregistr\u00e9es pour \u00e9valuer leur force et leur concentration. Une fois le type de cellule endommag\u00e9e identifi\u00e9, l&#8217;appareil cible et \u00e9limine ces cellules. Ensuite, des cellules saines, exemptes de toute maladie, sont r\u00e9inject\u00e9es, ce qui fait que le patient devient \u00e0 la fois le donneur et le receveur de ses propres cellules.<\/p><p>On peut comparer le dispositif Regenera \u00e0 un &#8220;sniper&#8221; des cellules malades, agissant en un temps tr\u00e8s court et lors d&#8217;une seule session.<\/p><h3>Quelles sont les conditions trait\u00e9es par la technologie Regenera ?<\/h3><p>Le dispositif Regenera et les injections Regenera offrent un traitement d\u00e9finitif et efficace contre l&#8217;arthrose du genou, les douleurs articulaires, les blessures sportives et les inflammations articulaires aigu\u00ebs.<\/p><p>La technologie Regenera stimule les cellules souches pr\u00e9sentes dans le corps sans laisser de cicatrices ni d&#8217;effets secondaires. Apr\u00e8s une injection de Regenera dans le genou, le patient n&#8217;a besoin d&#8217;aucun pansement ni intervention chirurgicale suppl\u00e9mentaire.<\/p>\t\t\t\t\t\t<\/div>\n\t\t\t\t<\/div>\n\t\t\t\t\t<\/div>\n\t\t<\/div>\n\t\t\t\t\t\t\t<\/div>\n\t\t<\/section>\n\t\t\t\t<section class=\"elementor-section elementor-top-section elementor-element elementor-element-be63a9f elementor-section-boxed elementor-section-height-default elementor-section-height-default wpr-particle-no wpr-jarallax-no wpr-parallax-no wpr-sticky-section-no\" data-id=\"be63a9f\" data-element_type=\"section\">\n\t\t\t\t\t\t<div class=\"elementor-container elementor-column-gap-default\">\n\t\t\t\t\t<div class=\"elementor-column elementor-col-100 elementor-top-column elementor-element elementor-element-336210a\" data-id=\"336210a\" data-element_type=\"column\">\n\t\t\t<div class=\"elementor-widget-wrap elementor-element-populated\">\n\t\t\t\t\t\t\t\t<div class=\"elementor-element elementor-element-4c0d378 elementor-widget elementor-widget-heading\" data-id=\"4c0d378\" data-element_type=\"widget\" data-widget_type=\"heading.default\">\n\t\t\t\t<div class=\"elementor-widget-container\">\n\t\t\t<h2 class=\"elementor-heading-title elementor-size-default\">Quelles sont les avantages du traitement avec la technologie Regenera ?<\/h2>\t\t<\/div>\n\t\t\t\t<\/div>\n\t\t\t\t<div class=\"elementor-element elementor-element-c7e8e57 elementor-widget elementor-widget-text-editor\" data-id=\"c7e8e57\" data-element_type=\"widget\" data-widget_type=\"text-editor.default\">\n\t\t\t\t<div class=\"elementor-widget-container\">\n\t\t\t\t\t\t\t<p>La technologie Regenera se distingue par moins de douleur apr\u00e8s l&#8217;intervention chirurgicale, des temps de r\u00e9cup\u00e9ration plus rapides, moins de cicatrices, moins de pression sur le syst\u00e8me immunitaire et de plus petites incisions.<\/p><p>L&#8217;ensemble de l&#8217;intervention est effectu\u00e9 en une seule s\u00e9ance chirurgicale d&#8217;environ 30 minutes, sans besoin d&#8217;hospitalisation.<\/p><p>Elle peut \u00eatre administr\u00e9e dans une clinique priv\u00e9e, ce qui permet de r\u00e9aliser cette proc\u00e9dure dans n&#8217;importe quelle clinique ou salle de consultation.<\/p><p>Les \u00e9chantillons sont autologues et homog\u00e8nes, car le patient est \u00e0 la fois donneur et receveur, ce qui garantit un niveau de s\u00e9curit\u00e9 \u00e9lev\u00e9, des effets secondaires n\u00e9gligeables et un taux de succ\u00e8s \u00e9lev\u00e9.<\/p><p>Les patients reprennent leurs activit\u00e9s quotidiennes dans un d\u00e9lai relativement court, g\u00e9n\u00e9ralement de une \u00e0 deux semaines.<\/p><p>La session Regenera est tr\u00e8s facile \u00e0 r\u00e9aliser par un m\u00e9decin sp\u00e9cialis\u00e9 dans chaque domaine th\u00e9rapeutique.<\/p>\t\t\t\t\t\t<\/div>\n\t\t\t\t<\/div>\n\t\t\t\t\t<\/div>\n\t\t<\/div>\n\t\t\t\t\t\t\t<\/div>\n\t\t<\/section>\n\t\t\t\t<section class=\"elementor-section elementor-top-section elementor-element elementor-element-9306b23 elementor-section-boxed elementor-section-height-default elementor-section-height-default wpr-particle-no wpr-jarallax-no wpr-parallax-no wpr-sticky-section-no\" data-id=\"9306b23\" data-element_type=\"section\">\n\t\t\t\t\t\t<div class=\"elementor-container elementor-column-gap-default\">\n\t\t\t\t\t<div class=\"elementor-column elementor-col-100 elementor-top-column elementor-element elementor-element-4afc76a\" data-id=\"4afc76a\" data-element_type=\"column\">\n\t\t\t<div class=\"elementor-widget-wrap elementor-element-populated\">\n\t\t\t\t\t\t\t\t<div class=\"elementor-element elementor-element-838a4fc elementor-widget elementor-widget-heading\" data-id=\"838a4fc\" data-element_type=\"widget\" data-widget_type=\"heading.default\">\n\t\t\t\t<div class=\"elementor-widget-container\">\n\t\t\t<h2 class=\"elementor-heading-title elementor-size-default\">Les r\u00e9sultats du traitement de l'arthrose avec Regenera sont-ils permanents ?<\/h2>\t\t<\/div>\n\t\t\t\t<\/div>\n\t\t\t\t<div class=\"elementor-element elementor-element-d0fb69c elementor-widget elementor-widget-text-editor\" data-id=\"d0fb69c\" data-element_type=\"widget\" data-widget_type=\"text-editor.default\">\n\t\t\t\t<div class=\"elementor-widget-container\">\n\t\t\t\t\t\t\t<p>Les b\u00e9n\u00e9fices du traitement de l&#8217;arthrose avec Regenera varient entre un an et trois ans, ce qui est une p\u00e9riode relativement longue par rapport aux m\u00e9thodes et m\u00e9dicaments traditionnels pour traiter l&#8217;arthrose.<\/p><div>\u00a0<\/div>\t\t\t\t\t\t<\/div>\n\t\t\t\t<\/div>\n\t\t\t\t\t<\/div>\n\t\t<\/div>\n\t\t\t\t\t\t\t<\/div>\n\t\t<\/section>\n\t\t\t\t\t\t\t<\/div>\n\t\t","protected":false},"excerpt":{"rendered":"<p>Quelles sont les utilisations de la technologie Regenera ? L&#8217;utilisation principale de l&#8217;appareil Regenera r\u00e9side dans la gestion de la douleur, de la raideur et de l&#8217;incapacit\u00e9 caus\u00e9es par des traumatismes et des blessures affectant le cartilage des articulations du syst\u00e8me musculo-squelettique. Les l\u00e9sions du cartilage affectent le m\u00e9tabolisme local au sein de l&#8217;articulation, entra\u00eenant [&hellip;]<\/p>\n","protected":false},"author":1,"featured_media":0,"parent":0,"menu_order":0,"comment_status":"closed","ping_status":"closed","template":"","meta":{"site-sidebar-layout":"no-sidebar","site-content-layout":"page-builder","ast-site-content-layout":"","site-content-style":"default","site-sidebar-style":"default","ast-global-header-display":"","ast-banner-title-visibility":"","ast-main-header-display":"","ast-hfb-above-header-display":"","ast-hfb-below-header-display":"","ast-hfb-mobile-header-display":"","site-post-title":"disabled","ast-breadcrumbs-content":"","ast-featured-img":"disabled","footer-sml-layout":"","theme-transparent-header-meta":"default","adv-header-id-meta":"","stick-header-meta":"","header-above-stick-meta":"","header-main-stick-meta":"","header-below-stick-meta":"","astra-migrate-meta-layouts":"default","ast-page-background-enabled":"default","ast-page-background-meta":{"desktop":{"background-color":"var(--ast-global-color-4)","background-image":"","background-repeat":"repeat","background-position":"center center","background-size":"auto","background-attachment":"scroll","background-type":"","background-media":"","overlay-type":"","overlay-color":"","overlay-gradient":""},"tablet":{"background-color":"","background-image":"","background-repeat":"repeat","background-position":"center center","background-size":"auto","background-attachment":"scroll","background-type":"","background-media":"","overlay-type":"","overlay-color":"","overlay-gradient":""},"mobile":{"background-color":"","background-image":"","background-repeat":"repeat","background-position":"center center","background-size":"auto","background-attachment":"scroll","background-type":"","background-media":"","overlay-type":"","overlay-color":"","overlay-gradient":""}},"ast-content-background-meta":{"desktop":{"background-color":"var(--ast-global-color-5)","background-image":"","background-repeat":"repeat","background-position":"center center","background-size":"auto","background-attachment":"scroll","background-type":"","background-media":"","overlay-type":"","overlay-color":"","overlay-gradient":""},"tablet":{"background-color":"var(--ast-global-color-5)","background-image":"","background-repeat":"repeat","background-position":"center center","background-size":"auto","background-attachment":"scroll","background-type":"","background-media":"","overlay-type":"","overlay-color":"","overlay-gradient":""},"mobile":{"background-color":"var(--ast-global-color-5)","background-image":"","background-repeat":"repeat","background-position":"center center","background-size":"auto","background-attachment":"scroll","background-type":"","background-media":"","overlay-type":"","overlay-color":"","overlay-gradient":""}},"footnotes":""},"class_list":["post-1402","page","type-page","status-publish","hentry"],"_links":{"self":[{"href":"https:\/\/omar-habash.com\/fr\/wp-json\/wp\/v2\/pages\/1402","targetHints":{"allow":["GET"]}}],"collection":[{"href":"https:\/\/omar-habash.com\/fr\/wp-json\/wp\/v2\/pages"}],"about":[{"href":"https:\/\/omar-habash.com\/fr\/wp-json\/wp\/v2\/types\/page"}],"author":[{"embeddable":true,"href":"https:\/\/omar-habash.com\/fr\/wp-json\/wp\/v2\/users\/1"}],"replies":[{"embeddable":true,"href":"https:\/\/omar-habash.com\/fr\/wp-json\/wp\/v2\/comments?post=1402"}],"version-history":[{"count":7,"href":"https:\/\/omar-habash.com\/fr\/wp-json\/wp\/v2\/pages\/1402\/revisions"}],"predecessor-version":[{"id":1504,"href":"https:\/\/omar-habash.com\/fr\/wp-json\/wp\/v2\/pages\/1402\/revisions\/1504"}],"wp:attachment":[{"href":"https:\/\/omar-habash.com\/fr\/wp-json\/wp\/v2\/media?parent=1402"}],"curies":[{"name":"wp","href":"https:\/\/api.w.org\/{rel}","templated":true}]}}