{"id":1399,"date":"2024-01-13T14:40:10","date_gmt":"2024-01-13T14:40:10","guid":{"rendered":"https:\/\/omar-habash.com\/%d8%a7%d9%84%d8%b9%d9%84%d8%a7%d8%ac-%d8%a8%d8%a7%d9%84%d8%a8%d8%b1%d9%88%d9%84%d9%88-%d8%ab%d9%8a%d8%b1%d8%a7%d8%a8%d9%8a-prolotherapy\/"},"modified":"2024-11-24T14:31:50","modified_gmt":"2024-11-24T14:31:50","slug":"le-traitement-par-prolotherapie","status":"publish","type":"page","link":"https:\/\/omar-habash.com\/fr\/le-traitement-par-prolotherapie\/","title":{"rendered":"Le traitement par Proloth\u00e9rapie."},"content":{"rendered":"\t\t<div data-elementor-type=\"wp-page\" data-elementor-id=\"1399\" class=\"elementor elementor-1399\">\n\t\t\t\t\t\t\t\t\t<section class=\"elementor-section elementor-top-section elementor-element elementor-element-44e5932 elementor-section-full_width elementor-section-height-min-height elementor-section-stretched elementor-section-height-default elementor-section-items-middle wpr-particle-no wpr-jarallax-no wpr-parallax-no wpr-sticky-section-no\" data-id=\"44e5932\" data-element_type=\"section\" data-settings=\"{&quot;stretch_section&quot;:&quot;section-stretched&quot;,&quot;background_background&quot;:&quot;classic&quot;}\">\n\t\t\t\t\t\t<div class=\"elementor-container elementor-column-gap-default\">\n\t\t\t\t\t<div class=\"elementor-column elementor-col-100 elementor-top-column elementor-element elementor-element-13115b8\" data-id=\"13115b8\" data-element_type=\"column\">\n\t\t\t<div class=\"elementor-widget-wrap\">\n\t\t\t\t\t\t\t\t\t<\/div>\n\t\t<\/div>\n\t\t\t\t\t\t\t<\/div>\n\t\t<\/section>\n\t\t\t\t<section class=\"elementor-section elementor-top-section elementor-element elementor-element-0009dea elementor-section-boxed elementor-section-height-default elementor-section-height-default wpr-particle-no wpr-jarallax-no wpr-parallax-no wpr-sticky-section-no\" data-id=\"0009dea\" data-element_type=\"section\">\n\t\t\t\t\t\t<div class=\"elementor-container elementor-column-gap-default\">\n\t\t\t\t\t<div class=\"elementor-column elementor-col-100 elementor-top-column elementor-element elementor-element-e531f8e\" data-id=\"e531f8e\" data-element_type=\"column\">\n\t\t\t<div class=\"elementor-widget-wrap elementor-element-populated\">\n\t\t\t\t\t\t\t\t<div class=\"elementor-element elementor-element-cb53ddd elementor-widget elementor-widget-heading\" data-id=\"cb53ddd\" data-element_type=\"widget\" data-widget_type=\"heading.default\">\n\t\t\t\t<div class=\"elementor-widget-container\">\n\t\t\t<style>\/*! elementor - v3.16.0 - 09-10-2023 *\/\n.elementor-heading-title{padding:0;margin:0;line-height:1}.elementor-widget-heading .elementor-heading-title[class*=elementor-size-]>a{color:inherit;font-size:inherit;line-height:inherit}.elementor-widget-heading .elementor-heading-title.elementor-size-small{font-size:15px}.elementor-widget-heading .elementor-heading-title.elementor-size-medium{font-size:19px}.elementor-widget-heading .elementor-heading-title.elementor-size-large{font-size:29px}.elementor-widget-heading .elementor-heading-title.elementor-size-xl{font-size:39px}.elementor-widget-heading .elementor-heading-title.elementor-size-xxl{font-size:59px}<\/style><h2 class=\"elementor-heading-title elementor-size-default\">Comment fonctionne le traitement par Proloth\u00e9rapie (Prolotherapy) ?<\/h2>\t\t<\/div>\n\t\t\t\t<\/div>\n\t\t\t\t<div class=\"elementor-element elementor-element-186dc6d elementor-widget elementor-widget-text-editor\" data-id=\"186dc6d\" data-element_type=\"widget\" data-widget_type=\"text-editor.default\">\n\t\t\t\t<div class=\"elementor-widget-container\">\n\t\t\t<style>\/*! elementor - v3.16.0 - 09-10-2023 *\/\n.elementor-widget-text-editor.elementor-drop-cap-view-stacked .elementor-drop-cap{background-color:#69727d;color:#fff}.elementor-widget-text-editor.elementor-drop-cap-view-framed .elementor-drop-cap{color:#69727d;border:3px solid;background-color:transparent}.elementor-widget-text-editor:not(.elementor-drop-cap-view-default) .elementor-drop-cap{margin-top:8px}.elementor-widget-text-editor:not(.elementor-drop-cap-view-default) .elementor-drop-cap-letter{width:1em;height:1em}.elementor-widget-text-editor .elementor-drop-cap{float:right;text-align:center;line-height:1;font-size:50px}.elementor-widget-text-editor .elementor-drop-cap-letter{display:inline-block}<\/style>\t\t\t\t<p>Il existe plusieurs th\u00e9ories sur la mani\u00e8re dont la proloth\u00e9rapie agit dans le corps. Les m\u00e9canismes possibles sont les suivants :<\/p><ul><li>L&#8217;injection modifie la pression du liquide, ce qui entra\u00eene l&#8217;explosion des cellules dans la zone affect\u00e9e, d\u00e9clenchant ainsi le processus de gu\u00e9rison.<\/li><li>L&#8217;injection attire les cellules immunitaires et les substances chimiques inflammatoires vers la zone affect\u00e9e.<\/li><li>L&#8217;injection provoque une cicatrisation dans les zones o\u00f9 le collag\u00e8ne se d\u00e9grade.<\/li><li>L&#8217;injection irrite les cellules dans la zone cibl\u00e9e en les d\u00e9shydratant.<\/li><li>On dit que ce processus provoque de l&#8217;inflammation et stimule le corps \u00e0 gu\u00e9rir, soulageant ainsi la douleur.<\/li><\/ul><p>La proloth\u00e9rapie aide dans des cas tels que les blessures des tendons, l&#8217;arthrite des doigts et des genoux, et les probl\u00e8mes ligamentaires qui provoquent des douleurs lombaires.<\/p>\t\t\t\t\t\t<\/div>\n\t\t\t\t<\/div>\n\t\t\t\t\t<\/div>\n\t\t<\/div>\n\t\t\t\t\t\t\t<\/div>\n\t\t<\/section>\n\t\t\t\t<section class=\"elementor-section elementor-top-section elementor-element elementor-element-fa2d278 elementor-section-boxed elementor-section-height-default elementor-section-height-default wpr-particle-no wpr-jarallax-no wpr-parallax-no wpr-sticky-section-no\" data-id=\"fa2d278\" data-element_type=\"section\">\n\t\t\t\t\t\t<div class=\"elementor-container elementor-column-gap-default\">\n\t\t\t\t\t<div class=\"elementor-column elementor-col-100 elementor-top-column elementor-element elementor-element-98bbc48\" data-id=\"98bbc48\" data-element_type=\"column\">\n\t\t\t<div class=\"elementor-widget-wrap elementor-element-populated\">\n\t\t\t\t\t\t\t\t<div class=\"elementor-element elementor-element-239ec28 elementor-widget elementor-widget-heading\" data-id=\"239ec28\" data-element_type=\"widget\" data-widget_type=\"heading.default\">\n\t\t\t\t<div class=\"elementor-widget-container\">\n\t\t\t<h2 class=\"elementor-heading-title elementor-size-default\">Quelle est la dur\u00e9e du traitement par proloth\u00e9rapie ?<\/h2>\t\t<\/div>\n\t\t\t\t<\/div>\n\t\t\t\t<div class=\"elementor-element elementor-element-f452209 elementor-widget elementor-widget-text-editor\" data-id=\"f452209\" data-element_type=\"widget\" data-widget_type=\"text-editor.default\">\n\t\t\t\t<div class=\"elementor-widget-container\">\n\t\t\t\t\t\t\t<p>Le traitement par proloth\u00e9rapie n\u00e9cessite g\u00e9n\u00e9ralement plusieurs injections dans la zone affect\u00e9e ou faible pour \u00eatre efficace. Le patient peut s&#8217;attendre \u00e0 recevoir entre 4 et 15 injections lors d&#8217;une seule s\u00e9ance, avec plusieurs s\u00e9ances sur une p\u00e9riode de 3 \u00e0 6 mois.<\/p><p>Les injections doivent \u00eatre pr\u00e9cises pour que la substance irritante soit plac\u00e9e dans la ou les zones n\u00e9cessitant la r\u00e9paration des ligaments.<\/p><p><strong>Quelles sont les \u00e9tapes du traitement par proloth\u00e9rapie ?<\/strong><\/p><p>Avant de recevoir le traitement par proloth\u00e9rapie, le m\u00e9decin \u00e9value le patient souffrant de douleurs articulaires ou dorsales pour d\u00e9terminer si son corps et la zone douloureuse conviennent au traitement, car cette proc\u00e9dure ne convient pas \u00e0 tous les patients.<\/p><p><strong>Quels sont les avantages du traitement par proloth\u00e9rapie ?<\/strong><\/p><p>Le traitement par proloth\u00e9rapie est consid\u00e9r\u00e9 comme un type de traitement naturel et permanent pour les douleurs articulaires et dorsales, car il repose sur le principe de r\u00e9paration du corps lui-m\u00eame pour r\u00e9duire la douleur. En revanche, les analg\u00e9siques et les anti-inflammatoires offrent un soulagement temporaire et les options chirurgicales ne stabilisent pas toujours compl\u00e8tement l&#8217;articulation.<\/p><p>Apr\u00e8s le traitement de l&#8217;articulation, il aide \u00e0 stabiliser et am\u00e9liorer la mobilit\u00e9 globale et la fonction du dos et des articulations.<\/p>\t\t\t\t\t\t<\/div>\n\t\t\t\t<\/div>\n\t\t\t\t\t<\/div>\n\t\t<\/div>\n\t\t\t\t\t\t\t<\/div>\n\t\t<\/section>\n\t\t\t\t<section class=\"elementor-section elementor-top-section elementor-element elementor-element-a4efecd elementor-section-boxed elementor-section-height-default elementor-section-height-default wpr-particle-no wpr-jarallax-no wpr-parallax-no wpr-sticky-section-no\" data-id=\"a4efecd\" data-element_type=\"section\">\n\t\t\t\t\t\t<div class=\"elementor-container elementor-column-gap-default\">\n\t\t\t\t\t<div class=\"elementor-column elementor-col-100 elementor-top-column elementor-element elementor-element-ea30b4e\" data-id=\"ea30b4e\" data-element_type=\"column\">\n\t\t\t<div class=\"elementor-widget-wrap elementor-element-populated\">\n\t\t\t\t\t\t\t\t<div class=\"elementor-element elementor-element-8b330f8 elementor-widget elementor-widget-heading\" data-id=\"8b330f8\" data-element_type=\"widget\" data-widget_type=\"heading.default\">\n\t\t\t\t<div class=\"elementor-widget-container\">\n\t\t\t<h2 class=\"elementor-heading-title elementor-size-default\">Quelle est l'efficacit\u00e9 de l'utilisation de la proloth\u00e9rapie dans le traitement de la douleur ?<\/h2>\t\t<\/div>\n\t\t\t\t<\/div>\n\t\t\t\t<div class=\"elementor-element elementor-element-7938aa3 elementor-widget elementor-widget-text-editor\" data-id=\"7938aa3\" data-element_type=\"widget\" data-widget_type=\"text-editor.default\">\n\t\t\t\t<div class=\"elementor-widget-container\">\n\t\t\t\t\t\t\t<p>Une \u00e9tude publi\u00e9e dans le <em>Journal of Alternative and Complementary Medicine<\/em> a montr\u00e9 que l&#8217;utilisation de la proloth\u00e9rapie pr\u00e9sente des taux de succ\u00e8s tr\u00e8s \u00e9lev\u00e9s dans le traitement de certaines douleurs.<\/p><p>En g\u00e9n\u00e9ral, l&#8217;efficacit\u00e9 ou le taux de succ\u00e8s de toute proc\u00e9dure m\u00e9dicale ou th\u00e9rapeutique d\u00e9pend largement de la comp\u00e9tence du m\u00e9decin qui la r\u00e9alise, car les r\u00e9actions des corps aux traitements peuvent varier consid\u00e9rablement.<\/p><p><strong>Quels sont les effets secondaires de la proloth\u00e9rapie ?<\/strong><\/p><p>Le traitement par injection r\u00e9g\u00e9n\u00e9rative est consid\u00e9r\u00e9 comme s\u00fbr, selon les recherches limit\u00e9es disponibles. Aucune des \u00e9tudes cliniques sur la proloth\u00e9rapie pour les douleurs lombaires n\u2019a montr\u00e9 d\u2019effets secondaires graves. Les effets l\u00e9gers peuvent inclure :<\/p><ul><li>Douleur l\u00e9g\u00e8re au site de l&#8217;injection.<\/li><li>Saignement.<\/li><li>Engourdissement occasionnel.<\/li><li>Sensation de pl\u00e9nitude dans l&#8217;articulation.<\/li><\/ul><p>Il peut y avoir aussi des effets secondaires plus graves, tels que :<\/p><ul><li>R\u00e9action allergique.<\/li><li>Infection au site de l&#8217;injection.<\/li><li>Dommages nerveux.<\/li><li>Vertiges.<\/li><\/ul><p>Il est important de s&#8217;assurer que vous recevez un traitement r\u00e9g\u00e9n\u00e9ratif de la part de praticiens correctement form\u00e9s pour administrer les injections.<\/p>\t\t\t\t\t\t<\/div>\n\t\t\t\t<\/div>\n\t\t\t\t\t<\/div>\n\t\t<\/div>\n\t\t\t\t\t\t\t<\/div>\n\t\t<\/section>\n\t\t\t\t\t\t\t<\/div>\n\t\t","protected":false},"excerpt":{"rendered":"<p>Comment fonctionne le traitement par Proloth\u00e9rapie (Prolotherapy) ? Il existe plusieurs th\u00e9ories sur la mani\u00e8re dont la proloth\u00e9rapie agit dans le corps. Les m\u00e9canismes possibles sont les suivants : L&#8217;injection modifie la pression du liquide, ce qui entra\u00eene l&#8217;explosion des cellules dans la zone affect\u00e9e, d\u00e9clenchant ainsi le processus de gu\u00e9rison. L&#8217;injection attire les cellules [&hellip;]<\/p>\n","protected":false},"author":1,"featured_media":0,"parent":0,"menu_order":0,"comment_status":"closed","ping_status":"closed","template":"","meta":{"site-sidebar-layout":"no-sidebar","site-content-layout":"page-builder","ast-site-content-layout":"","site-content-style":"default","site-sidebar-style":"default","ast-global-header-display":"","ast-banner-title-visibility":"","ast-main-header-display":"","ast-hfb-above-header-display":"","ast-hfb-below-header-display":"","ast-hfb-mobile-header-display":"","site-post-title":"disabled","ast-breadcrumbs-content":"","ast-featured-img":"disabled","footer-sml-layout":"","theme-transparent-header-meta":"","adv-header-id-meta":"","stick-header-meta":"","header-above-stick-meta":"","header-main-stick-meta":"","header-below-stick-meta":"","astra-migrate-meta-layouts":"set","ast-page-background-enabled":"default","ast-page-background-meta":{"desktop":{"background-color":"var(--ast-global-color-4)","background-image":"","background-repeat":"repeat","background-position":"center center","background-size":"auto","background-attachment":"scroll","background-type":"","background-media":"","overlay-type":"","overlay-color":"","overlay-gradient":""},"tablet":{"background-color":"","background-image":"","background-repeat":"repeat","background-position":"center center","background-size":"auto","background-attachment":"scroll","background-type":"","background-media":"","overlay-type":"","overlay-color":"","overlay-gradient":""},"mobile":{"background-color":"","background-image":"","background-repeat":"repeat","background-position":"center center","background-size":"auto","background-attachment":"scroll","background-type":"","background-media":"","overlay-type":"","overlay-color":"","overlay-gradient":""}},"ast-content-background-meta":{"desktop":{"background-color":"var(--ast-global-color-5)","background-image":"","background-repeat":"repeat","background-position":"center center","background-size":"auto","background-attachment":"scroll","background-type":"","background-media":"","overlay-type":"","overlay-color":"","overlay-gradient":""},"tablet":{"background-color":"var(--ast-global-color-5)","background-image":"","background-repeat":"repeat","background-position":"center center","background-size":"auto","background-attachment":"scroll","background-type":"","background-media":"","overlay-type":"","overlay-color":"","overlay-gradient":""},"mobile":{"background-color":"var(--ast-global-color-5)","background-image":"","background-repeat":"repeat","background-position":"center center","background-size":"auto","background-attachment":"scroll","background-type":"","background-media":"","overlay-type":"","overlay-color":"","overlay-gradient":""}},"footnotes":""},"class_list":["post-1399","page","type-page","status-publish","hentry"],"_links":{"self":[{"href":"https:\/\/omar-habash.com\/fr\/wp-json\/wp\/v2\/pages\/1399","targetHints":{"allow":["GET"]}}],"collection":[{"href":"https:\/\/omar-habash.com\/fr\/wp-json\/wp\/v2\/pages"}],"about":[{"href":"https:\/\/omar-habash.com\/fr\/wp-json\/wp\/v2\/types\/page"}],"author":[{"embeddable":true,"href":"https:\/\/omar-habash.com\/fr\/wp-json\/wp\/v2\/users\/1"}],"replies":[{"embeddable":true,"href":"https:\/\/omar-habash.com\/fr\/wp-json\/wp\/v2\/comments?post=1399"}],"version-history":[{"count":7,"href":"https:\/\/omar-habash.com\/fr\/wp-json\/wp\/v2\/pages\/1399\/revisions"}],"predecessor-version":[{"id":1473,"href":"https:\/\/omar-habash.com\/fr\/wp-json\/wp\/v2\/pages\/1399\/revisions\/1473"}],"wp:attachment":[{"href":"https:\/\/omar-habash.com\/fr\/wp-json\/wp\/v2\/media?parent=1399"}],"curies":[{"name":"wp","href":"https:\/\/api.w.org\/{rel}","templated":true}]}}